{"id":659,"date":"2023-09-02T02:35:00","date_gmt":"2023-09-02T02:35:00","guid":{"rendered":"https:\/\/fabiofon.com\/distribuidos\/?page_id=659"},"modified":"2025-05-19T13:28:05","modified_gmt":"2025-05-19T13:28:05","slug":"curatorial-statement","status":"publish","type":"page","link":"https:\/\/fabiofon.com\/distribuidos\/curatorial-statement\/","title":{"rendered":""},"content":{"rendered":"\n<p class=\"marcatexto\" style=\"font-size:clamp(14.642px, 0.915rem + ((1vw - 3.2px) * 0.681), 22px);\">Aos 25 anos do site Web Arte no Brasil, endere\u00e7o dedicado a difus\u00e3o e pesquisa em torno da produ\u00e7\u00e3o art\u00edstica brasileira especialmente pensada para a Internet, a exposi\u00e7\u00e3o \u2018Distribu\u00eddos Venceremos\u2019 \u00e9 fruto da nossa inten\u00e7\u00e3o de apresentar uma nov\u00edssima produ\u00e7\u00e3o de arte na Internet \u2013 que ao longo das d\u00e9cadas tem recebido diversos nomes como web arte, net art e internet art, para citarmos termos mais recorrentes. Em um cen\u00e1rio atual no qual o senso comum compreende como arte na Internet exclusivamente a cria\u00e7\u00e3o sob a luz de outras linguagens \u2013 afinal, boa parte da cria\u00e7\u00e3o contempor\u00e2nea est\u00e1 condicionada em territ\u00f3rios digitais, seja na sua produ\u00e7\u00e3o, seja na sua difus\u00e3o \u2013 pensar em uma produ\u00e7\u00e3o que considera a rede como um territ\u00f3rio po\u00e9tico efetivo \u00e9, em \u00faltima an\u00e1lise, uma postura de resist\u00eancia pol\u00edtica.<\/p>\n\n\n\n<p><\/p>\n\n\n\n<p class=\"marcatexto\" style=\"font-size:clamp(14.642px, 0.915rem + ((1vw - 3.2px) * 0.681), 22px);\">&nbsp;<\/p>\n\n\n\n<p class=\"marcatexto\" style=\"font-size:clamp(14.642px, 0.915rem + ((1vw - 3.2px) * 0.681), 22px);\">Desde algum tempo, as big techs v\u00eam buscando domesticar todos os lampejos de a\u00e7\u00f5es que soam escapar dos seus dom\u00ednios, enterrando a vis\u00e3o ut\u00f3pica da Internet como horizonte libert\u00e1rio e colaborativo; no lugar da utopia fica a extra\u00e7\u00e3o de dados, que renova os ideais de colonialidade planet\u00e1ria mais antigos. \u00c9 bastante emblem\u00e1tica a aproxima\u00e7\u00e3o das grandes corpora\u00e7\u00f5es tecnol\u00f3gicas ao que existe de mais retr\u00f3grado da pol\u00edtica mundial, que juntas refutar\u00e3o qualquer tentativa de regula\u00e7\u00e3o desse poderio exorbitante.<\/p>\n\n\n\n<p class=\"marcatexto\" style=\"font-size:clamp(14.642px, 0.915rem + ((1vw - 3.2px) * 0.681), 22px);\">Assim, essa resist\u00eancia \u00e9, acima de tudo, uma atua\u00e7\u00e3o baseada na utopia \u2013 esse lugar desterritorializado t\u00e3o recorrentemente ligado aos mundos virtuais \u2013 que nos permite conceber a nossa multiplica\u00e7\u00e3o, nossa capilaridade \u2013 a nossa distribui\u00e7\u00e3o, portanto \u2013 como um pr\u00e9-requisito para a busca de um equil\u00edbrio nas for\u00e7as planet\u00e1rias. Quando um trabalho de arte da Internet \u00e9 criado, contrariando a compreens\u00e3o da rede como um territ\u00f3rio prioritariamente de extra\u00e7\u00e3o de dados, se contrapondo a uma vis\u00e3o puramente funcional do ciberespa\u00e7o, um ato pol\u00edtico singular se contorna, cuja propriedade n\u00e3o se mede com base nas m\u00e9tricas das big techs. S\u00e3o atos em uma escala quase subliminar, que merecem ser contextualizados no horizonte mais aguerrido do campo da arte.<\/p>\n\n\n\n<p><\/p>\n\n\n\n<p class=\"marcatexto\">&nbsp;<\/p>\n\n\n\n<p class=\"marcatexto\" style=\"font-size:clamp(14.642px, 0.915rem + ((1vw - 3.2px) * 0.681), 22px);\">Diante deste cen\u00e1rio, em 2024, lan\u00e7amos uma chamada aberta \u2013 independente e gratuita \u2013 para artistas brasileiros sob o t\u00edtulo \u2018Distribu\u00eddos Venceremos\u2019 para que fossem enviadas obras criadas a partir de 2023, cujas caracter\u00edsticas fizessem men\u00e7\u00e3o a caracter\u00edsticas consagradas na arte para a Internet \u2013 net art, web art, internet art, como j\u00e1 dissemos \u2013 e que estivesse online neste primeiro semestre de 2025. O resultado desta chamada \u00e9 esta exposi\u00e7\u00e3o que conta com a participa\u00e7\u00e3o de artistas de diferentes regi\u00f5es do pa\u00eds, com diferentes perfis e diversidade em suas po\u00e9ticas.&nbsp; A mostra se soma a outras incurs\u00f5es de difus\u00e3o da produ\u00e7\u00e3o brasileira de web arte, trazidas de forma ininterrupta ao longo destes 25 anos pelo site Web Arte no Brasil. Em especial, o site j\u00e1 havia feito parte, em 2023, do pavilh\u00e3o \u2018A net art morreu mas passa bem\u2019 (Net art died but is doing well), exibido na The Wrong Biennale n.6. Ali, nossa inten\u00e7\u00e3o era compreender a produ\u00e7\u00e3o criada ap\u00f3s o per\u00edodo pand\u00eamico. Agora, diante da normalidade sanit\u00e1ria, fazer arte na Internet \u00e9 uma escolha com implica\u00e7\u00f5es po\u00e9ticas e pol\u00edticas. Estamos atentos a isso.&nbsp; E para pensar melhor, esta exposi\u00e7\u00e3o realiza conversas online com os criadores, de forma a ampliar e reverberar os sentidos trazidos em suas cria\u00e7\u00f5es.&nbsp; Enfim juntos, venceremos.<\/p>\n\n\n\n<div style=\"height:22px\" aria-hidden=\"true\" class=\"wp-block-spacer\"><\/div>\n\n\n\n<p class=\"marcatexto\"><strong>Fabio FON e Soraya Braz, curadores.<\/strong><\/p>\n\n\n\n<figure class=\"wp-block-image aligncenter size-full\"><img decoding=\"async\" src=\"https:\/\/fabiofon.com\/distribuidos\/wp-content\/uploads\/2023\/08\/computer.png\" alt=\"\" class=\"wp-image-483\"\/><\/figure>\n\n\n\n<div style=\"height:100px\" aria-hidden=\"true\" class=\"wp-block-spacer\"><\/div>\n\n\n\n<p class=\"has-x-large-font-size\">CURADORES<\/p>\n\n\n\n<p><strong>FABIO FON <\/strong><\/p>\n\n\n\n<p class=\"marcatexto\">Fabio FON (F\u00e1bio Oliveira Nunes) \u00e9 um artista-pesquisador brasileiro com foco em linguagens contempor\u00e2neas, trabalhando em arte experimental, po\u00e9tica visual e arte-tecnologia. Possui Doutorado em Artes pela Escola de Comunica\u00e7\u00f5es e Artes da Universidade de S\u00e3o Paulo, p\u00f3s-doutorado em Artes pelo Instituto de Artes da Unesp, mestre em Multim\u00eddia (Multim\u00eddia) pela UNICAMP e bacharel em Artes Pl\u00e1sticas pela UNESP. \u00c9 autor dos livros \u201cCTRL+ART+DEL: dist\u00farbios em arte e tecnologia\u201d (Ed. Perspectiva, 2010) e \u201cMentira de artista: arte (e tecnologia) que nos engana para repensarmos o mundo\u201d (Cosmogonias El\u00e9tricas, 2016). Atualmente \u00e9 pesquisador vinculado ao Grupo cAt: ci\u00eancia\/ARTE\/tecnologia na UNESP, S\u00e3o Paulo. <a href=\"http:\/\/www.fabiofon.com\" target=\"_blank\" rel=\"noreferrer noopener\">http:\/\/www.fabiofon.com<\/a>.<\/p>\n\n\n\n<div style=\"height:35px\" aria-hidden=\"true\" class=\"wp-block-spacer\"><\/div>\n\n\n\n<p><strong>SORAYA BRAZ <\/strong><\/p>\n\n\n\n<p class=\"marcatexto\">Soraya Braz \u00e9 uma artista e pesquisadora brasileira, formada em Artes pela Universidade de S\u00e3o Paulo (USP) e mestre em Artes Visuais pela Universidade Estadual Paulista (UNESP). Suas cria\u00e7\u00f5es s\u00e3o poesia visual, arte digital, instala\u00e7\u00f5es e computa\u00e7\u00e3o gr\u00e1fica. Participou de exposi\u00e7\u00f5es como FILE, FILE PAI, MOBILEFEST, Mostra SESC de Artes, FACTORS, Art\u00e9ria 40 anos, etc. Trabalha em parceria com o artista Fabio FON com quem produziu Roaming (2007), Grampo (2007), CAPTAS (2010), Via Invis\u00edvel (2011), Deliberator (2014) e Delet\u00e9rio (2021). https:\/\/fabiofon.com\/bio-soraya-braz\/ <a href=\"https:\/\/fabiofon.com\/bio-soraya-braz\/\" target=\"_blank\" rel=\"noreferrer noopener\">https:\/\/fabiofon.com\/bio-soraya-braz\/<\/a><\/p>\n\n\n\n<figure class=\"wp-block-image aligncenter size-full\"><img decoding=\"async\" src=\"https:\/\/fabiofon.com\/distribuidos\/wp-content\/uploads\/2023\/08\/computer.png\" alt=\"\" class=\"wp-image-483\"\/><\/figure>\n\n\n\n<div style=\"height:100px\" aria-hidden=\"true\" class=\"wp-block-spacer\"><\/div>\n\n\n\n<p class=\"has-x-large-font-size\">ARTISTAS<\/p>\n\n\n\n<div class=\"wp-block-columns is-layout-flex wp-container-core-columns-is-layout-28f84493 wp-block-columns-is-layout-flex\">\n<div class=\"wp-block-column is-layout-flow wp-block-column-is-layout-flow\">\n<p class=\"has-large-font-size\"><strong>100%genuine<\/strong> \u25a0 <strong>Carol Mar\u00e9<\/strong> \u25a0 <strong>Cleber Gazana<\/strong> \u25a0 <strong>D\u0152LUCCA<\/strong> \u25a0 <strong>drump goo<\/strong> \u25a0<strong> Evandro Nicolau <\/strong>\u25a0 <strong>Fagner Fernandes<\/strong> \u25a0 <strong>Fernanda Sabine<\/strong> \u25a0 <strong>Gabriel Gomes e Yasmin Belfort<\/strong> \u25a0<strong> Jos\u00e9 Loures<\/strong> \u25a0<strong>J\u00falia Menezes e J\u00falia Pepulim<\/strong> \u25a0 <strong>Tassia Mila<\/strong> \u25a0 <strong>Tobias Gaede<\/strong> \u25a0 <strong>Tutunho<\/strong><\/p>\n<\/div>\n<\/div>\n\n\n\n<div style=\"height:100px\" aria-hidden=\"true\" class=\"wp-block-spacer\"><\/div>\n\n\n\n<figure class=\"wp-block-image aligncenter size-full\"><img decoding=\"async\" src=\"https:\/\/fabiofon.com\/distribuidos\/wp-content\/uploads\/2023\/08\/computer.png\" alt=\"\" class=\"wp-image-483\"\/><\/figure>\n\n\n\n<div style=\"height:42px\" aria-hidden=\"true\" class=\"wp-block-spacer\"><\/div>\n\n\n\n<p><\/p>\n\n\n\n<p><strong>SOBRE WEB ARTE NO BRASIL<\/strong><\/p>\n\n\n\n<p class=\"marcatexto\">A Web arte no Brasil \u00e9 uma iniciativa independente liderada por Fabio FON desde 2000, que nasceu com o prop\u00f3sito de promover e analisar a produ\u00e7\u00e3o de artistas brasileiros na Internet. Atualmente, a WAB \u00e9 um dos poucos sites brasileiros dedicados especificamente \u00e0 arte na internet, disponibilizando uma compila\u00e7\u00e3o de sites, artigos cient\u00edficos e v\u00eddeos voltados para novos p\u00fablicos. Veja mais: <a href=\"https:\/\/www.fabiofon.com\/webartenobrasil\" target=\"_blank\" rel=\"noreferrer noopener\">https:\/\/www.fabiofon.com\/webartenobrasil. <\/a><\/p>\n\n\n\n<p><\/p>\n","protected":false},"excerpt":{"rendered":"<p>Aos 25 anos do site Web Arte no Brasil, endere\u00e7o dedicado a difus\u00e3o e pesquisa em torno da produ\u00e7\u00e3o art\u00edstica brasileira especialmente pensada para a Internet, a exposi\u00e7\u00e3o \u2018Distribu\u00eddos Venceremos\u2019 \u00e9 fruto da nossa inten\u00e7\u00e3o de apresentar uma nov\u00edssima produ\u00e7\u00e3o de arte na Internet \u2013 que ao longo das d\u00e9cadas tem recebido diversos nomes como [&hellip;]<\/p>\n","protected":false},"author":1,"featured_media":0,"parent":0,"menu_order":0,"comment_status":"closed","ping_status":"closed","template":"","meta":{"footnotes":""},"class_list":["post-659","page","type-page","status-publish","hentry"],"_links":{"self":[{"href":"https:\/\/fabiofon.com\/distribuidos\/wp-json\/wp\/v2\/pages\/659","targetHints":{"allow":["GET"]}}],"collection":[{"href":"https:\/\/fabiofon.com\/distribuidos\/wp-json\/wp\/v2\/pages"}],"about":[{"href":"https:\/\/fabiofon.com\/distribuidos\/wp-json\/wp\/v2\/types\/page"}],"author":[{"embeddable":true,"href":"https:\/\/fabiofon.com\/distribuidos\/wp-json\/wp\/v2\/users\/1"}],"replies":[{"embeddable":true,"href":"https:\/\/fabiofon.com\/distribuidos\/wp-json\/wp\/v2\/comments?post=659"}],"version-history":[{"count":23,"href":"https:\/\/fabiofon.com\/distribuidos\/wp-json\/wp\/v2\/pages\/659\/revisions"}],"predecessor-version":[{"id":1071,"href":"https:\/\/fabiofon.com\/distribuidos\/wp-json\/wp\/v2\/pages\/659\/revisions\/1071"}],"wp:attachment":[{"href":"https:\/\/fabiofon.com\/distribuidos\/wp-json\/wp\/v2\/media?parent=659"}],"curies":[{"name":"wp","href":"https:\/\/api.w.org\/{rel}","templated":true}]}}