{"id":66,"date":"2020-04-20T21:25:08","date_gmt":"2020-04-21T00:25:08","guid":{"rendered":"http:\/\/automatospoeticos.net\/fabiofon\/mentiradeartista\/?page_id=66"},"modified":"2024-04-06T21:15:39","modified_gmt":"2024-04-07T00:15:39","slug":"66-2","status":"publish","type":"page","link":"https:\/\/fabiofon.com\/mentiradeartista\/","title":{"rendered":""},"content":{"rendered":"\n<h1 class=\"wp-block-heading has-pale-cyan-blue-color has-text-color\" id=\"livro\">O LIVRO<\/h1>\n\n\n\n<p class=\"has-vivid-red-color has-very-light-gray-background-color has-text-color has-background\"><strong>Este livro \u00e9 distribu\u00eddo gratuitamente gra\u00e7as ao Pr\u00eamio do Programa de A\u00e7\u00e3o Cultural (PROAC) da Secretaria Estadual da Cultura de S\u00e3o Paulo em 2015<\/strong>.<\/p>\n\n\n\n<figure class=\"wp-block-image size-large is-style-default\"><a href=\"https:\/\/fabiofon.com\/mentiradeartista\/mentira-de-artista-cosmogonias-eletricas.pdf\"><img loading=\"lazy\" decoding=\"async\" width=\"914\" height=\"577\" src=\"http:\/\/automatospoeticos.net\/fabiofon\/mentiradeartista\/wp-content\/uploads\/2020\/04\/baixarlivro.jpg\" alt=\"\" class=\"wp-image-92\" srcset=\"https:\/\/fabiofon.com\/mentiradeartista\/wp-content\/uploads\/2020\/04\/baixarlivro.jpg 914w, https:\/\/fabiofon.com\/mentiradeartista\/wp-content\/uploads\/2020\/04\/baixarlivro-300x189.jpg 300w, https:\/\/fabiofon.com\/mentiradeartista\/wp-content\/uploads\/2020\/04\/baixarlivro-768x485.jpg 768w\" sizes=\"auto, (max-width: 914px) 100vw, 914px\" \/><\/a><\/figure>\n\n\n\n<p class=\"has-vivid-red-color has-very-light-gray-background-color has-text-color has-background\"><strong><em>Mentira de Artista: arte (e tecnologia) que nos engana para repensarmos o mundo<\/em><\/strong>&nbsp;de Fabio Oliveira Nunes (Fabio FON) aborda um universo de obras de arte contempor\u00e2nea que se passam por aquilo que elas n\u00e3o s\u00e3o. Aqui, os artistas recorrem a formas que visam despistar a real natureza de suas proposi\u00e7\u00f5es inserindo-as como parte de um contexto: podem fazer uso de personas (assume-se uma exist\u00eancia alternativa), criar institui\u00e7\u00f5es fict\u00edcias (como empresas, por exemplo), gerar situa\u00e7\u00f5es amb\u00edguas ou lan\u00e7arem-se em outras pr\u00e1ticas que, em regra, acontecem fora dos ambientes habituais das artes. Estas pr\u00e1ticas dialogam com uma \u201ccultura do fake\u201d, que remonta aos pseud\u00f4nimos de criadores de v\u00e1rias \u00e9pocas e a situa\u00e7\u00f5es que explicitam nossa capacidade de validar o que \u00e9 fic\u00e7\u00e3o e realidade no mundo atual. Desta forma, busca-se notar a disposi\u00e7\u00e3o sist\u00eamica destas a\u00e7\u00f5es nos ambientes que elegem. Isso nos permite discorrer sobre a ideia de contexto na arte e seus desdobramentos relacionais. Parte-se da premissa que estas a\u00e7\u00f5es art\u00edsticas propiciam um olhar cr\u00edtico sobre os ecossistemas que elegem nos fazendo repensar o mundo em que vivemos. Al\u00e9m disso, s\u00e3o disparadoras de uma nova aten\u00e7\u00e3o, na tentativa de atingir o dom\u00ednio das micropol\u00edticas, das dimens\u00f5es tecnorelacionais, do di\u00e1logo social das intersec\u00e7\u00f5es entre arte e tecnologia; constituem-se especialmente em formas emergentes resultantes das contamina\u00e7\u00f5es entre arte, comunica\u00e7\u00e3o e tecnologia e da relativiza\u00e7\u00e3o dos limites entre os ambientes da arte e da vida. A partir do desenvolvimento destes pontos de reflex\u00e3o busca-se realizar um mapeamento de obras de artistas contempor\u00e2neos estrangeiros e brasileiros em uma gama de meios e contextos.<\/p>\n\n\n\n<p class=\"has-vivid-red-color has-very-light-gray-background-color has-text-color has-background\">O livro conta com o pref\u00e1cio do Prof. Dr. Miguel Gally (Universidade de Bras\u00edlia) e texto de orelha do Prof. Dr. Milton Sogabe (Universidade Estadual Paulista).<\/p>\n\n\n\n<p class=\"has-pale-cyan-blue-color has-text-color\"><strong>\u00cdNDICE<\/strong><\/p>\n\n\n\n<p class=\"has-vivid-red-color has-very-light-gray-background-color has-text-color has-background has-small-font-size\">Pref\u00e1cio por Miguel Gally<br>Introdu\u00e7\u00e3o<\/p>\n\n\n\n<p class=\"has-vivid-red-color has-very-light-gray-background-color has-text-color has-background has-small-font-size\">Cap\u00edtulo 1. Mentiras e sistemas<br>Fake!<br>Arte contextual<br>Uma rela\u00e7\u00e3o ecol\u00f3gica<br>Midiatiza\u00e7\u00e3o<br>Arte e tecnologia<\/p>\n\n\n\n<p class=\"has-vivid-red-color has-very-light-gray-background-color has-text-color has-background has-small-font-size\">Cap\u00edtulo 2. Neg\u00f3cio de artista<br>Superfic\u00e7\u00f5es<br>Ciberespa\u00e7o<br>Repensando o mundo dos neg\u00f3cios<br>Ambiguidade do tecnologicamente poss\u00edvel<\/p>\n\n\n\n<p class=\"has-vivid-red-color has-very-light-gray-background-color has-text-color has-background has-small-font-size\">Cap\u00edtulo 3. Personas de artista<br>Alteridade<br>Personas criadoras coletivas<br>A cria\u00e7\u00e3o de Alteria<br>Personas de Alteria<\/p>\n\n\n\n<p class=\"has-vivid-red-color has-very-light-gray-background-color has-text-color has-background has-small-font-size\">Cap\u00edtulo 4. Mentiras de rob\u00f4s<br>Teste de Turing<br>Rob\u00f4s de conversa\u00e7\u00e3o<br>Em vez de criar objetos, criar artistas<br>Rob\u00f4s que se passam por artistas<\/p>\n\n\n\n<p class=\"has-vivid-red-color has-very-light-gray-background-color has-text-color has-background has-small-font-size\">Cap\u00edtulo 5. Artista de mentira<br>Eliza<br>Conversa de artista<br>Mimo Steim, ele mesmo<br>Mimo fala sobre o que?<\/p>\n\n\n\n<p class=\"has-vivid-red-color has-very-light-gray-background-color has-text-color has-background has-small-font-size\">Quest\u00f5es finais<br>Refer\u00eancias<\/p>\n\n\n\n<p class=\"has-vivid-red-color has-very-light-gray-background-color has-text-color has-background has-small-font-size\">Cosmogonias El\u00e9tricas, 2016.<br>ISBN: 978-85-921323-0-9<\/p>\n\n\n\n<h1 class=\"wp-block-heading has-pale-cyan-blue-color has-text-color\" id=\"autor\">o autor<\/h1>\n\n\n\n<figure class=\"wp-block-image size-full is-style-default\"><img loading=\"lazy\" decoding=\"async\" width=\"914\" height=\"492\" src=\"http:\/\/automatospoeticos.net\/fabiofon\/mentiradeartista\/wp-content\/uploads\/2020\/04\/autor.jpg\" alt=\"\" class=\"wp-image-75\" srcset=\"https:\/\/fabiofon.com\/mentiradeartista\/wp-content\/uploads\/2020\/04\/autor.jpg 914w, https:\/\/fabiofon.com\/mentiradeartista\/wp-content\/uploads\/2020\/04\/autor-300x161.jpg 300w, https:\/\/fabiofon.com\/mentiradeartista\/wp-content\/uploads\/2020\/04\/autor-768x413.jpg 768w\" sizes=\"auto, (max-width: 914px) 100vw, 914px\" \/><\/figure>\n\n\n\n<p class=\"has-vivid-red-color has-very-light-gray-background-color has-text-color has-background\"><strong>FABIO OLIVEIRA NUNES (FABIO FON)<br><\/strong>Possui gradua\u00e7\u00e3o em Bacharelado em Artes Pl\u00e1sticas pela Universidade Estadual Paulista (2000), mestrado em Multimeios pela Universidade Estadual de Campinas (2003) e doutorado em Artes pela Universidade de S\u00e3o Paulo (2007). Entre seus estudos, destaca-se CTRL+ART+DEL: Dist\u00farbios em Arte e Tecnologia, livro publicado pela Editora Perspectiva, em 2010. \u00c9 tamb\u00e9m integrante do grupo de pesquisa cAt: Ci\u00eancia\/ARTE\/Tecnologia do IA\/UNESP. \u00c9 artista multim\u00eddia, tendo realizado trabalhos em diferentes linguagens tais como instala\u00e7\u00f5es, interven\u00e7\u00f5es art\u00edsticas, poesia digital e sites de web arte. Entre suas cria\u00e7\u00f5es art\u00edsticas destacam-se: ROAMING (2007), painel eletr\u00f4nico realizado conjuntamente com a artista Soraya Braz; FREAKPEDIA (2007), trabalho de web arte realizado conjuntamente com o artista Edgar Franco; MIMO STEIM \u2013 O ARTISTA ESTAH TELEPRESENTE (2014), rob\u00f4 de conversa\u00e7\u00e3o baseado em uma persona de artista perform\u00e1tico; seguem-se outros trabalhos realizados conjuntamente com a artista Soraya Braz tais como, CAPTAS (2009), interven\u00e7\u00e3o m\u00f3vel-urbana, VIA INVIS\u00cdVEL (2011), interven\u00e7\u00e3o realizada nas esta\u00e7\u00f5es de metr\u00f4 da Av. Paulista, em S\u00e3o Paulo e ainda, DELIBERATOR (2014), obra de impress\u00e3o 3D. F\u00e1bio Oliveira Nunes j\u00e1 participou como artista e\/ou palestrante em importantes eventos em diferentes estados do Brasil e no exterior, tais como, Encontro de Arte e Tecnologia (Bras\u00edlia), Campus Party (S\u00e3o Paulo), FILE \u2013 Festival Internacional de Linguagem Eletr\u00f4nica (S\u00e3o Paulo, Rio de Janeiro e Porto Alegre), FACTORS \u2013 Festival de Arte, Ci\u00eancia e Tecnologia do Rio Grande do Sul (Santa Maria, RS), ARTECH \u2013 International Conference on Digital Arts (Faro, Portugal) e Congresso CSO \u2013 Criadores sobre outras obras (Lisboa).<\/p>\n\n\n\n<p class=\"has-vivid-red-color has-very-light-gray-background-color has-text-color has-background\">Site pessoal de FABIO FON:&nbsp;<a href=\"https:\/\/www.fabiofon.com\/\">https:\/\/www.fabiofon.com<\/a><\/p>\n\n\n\n<p class=\"has-vivid-red-color has-very-light-gray-background-color has-text-color has-background\">FABIO FON no Instagram: <a href=\"https:\/\/www.instagram.com\/fabiofondotcom\/\" target=\"_blank\" rel=\"noreferrer noopener\">https:\/\/www.instagram.com\/fabiofondotcom\/<\/a><\/p>\n\n\n\n<h1 class=\"wp-block-heading has-pale-cyan-blue-color has-text-color\" id=\"filme\">o &#8216;FILME&#8217;<\/h1>\n\n\n\n<p class=\"has-pale-cyan-blue-color has-text-color\">&#8216;<strong>COMO CRIAR MENTIRAS DE ARTISTA?<\/strong>&#8216;  &#8211; #CULTURAEMCASA<\/p>\n\n\n\n<figure class=\"wp-block-embed is-type-video is-provider-youtube wp-block-embed-youtube wp-embed-aspect-16-9 wp-has-aspect-ratio\"><div class=\"wp-block-embed__wrapper\">\n<div class=\"ast-oembed-container \" style=\"height: 100%;\"><iframe loading=\"lazy\" title=\"Como criar Mentiras de Artista? com Fabio FON - relan\u00e7amento 1\u00ba de abril de 2024!\" width=\"500\" height=\"281\" src=\"https:\/\/www.youtube.com\/embed\/jCI72tQLUwA?feature=oembed\" frameborder=\"0\" allow=\"accelerometer; autoplay; clipboard-write; encrypted-media; gyroscope; picture-in-picture; web-share\" referrerpolicy=\"strict-origin-when-cross-origin\" allowfullscreen><\/iframe><\/div>\n<\/div><\/figure>\n\n\n\n<p class=\"has-vivid-red-color has-very-light-gray-background-color has-text-color has-background\">Em 2021 o autor Fabio Oliveira Nunes (Fabio FON) gravou a docpalestra \u201cComo criar mentiras de artista?\u201d que retoma as discuss\u00f5es do livro \u2018Mentira de artista\u2019, resgatando v\u00e1rias das obras descritas na publica\u00e7\u00e3o impressa e trazendo tamb\u00e9m obras mais recentes na perspectiva de serem trabalhos \u201campliam os simulacros pr\u00f3prios da arte\u201d. O projeto recebeu apoio do Programa de A\u00e7\u00e3o Cultural (PROAC 39\/2020) da Secretaria de Cultura e Economia Criativa do Governo de S\u00e3o Paulo e estreou em 2022 na plataforma p\u00fablica de streaming #CulturaEmCasa, na qual voc\u00ea poder\u00e1 assistir ao v\u00eddeo gratuitamente. <\/p>\n\n\n\n<h1 class=\"wp-block-heading has-luminous-vivid-orange-color has-text-color\" id=\"facebook\"><a rel=\"noreferrer noopener\" href=\"https:\/\/www.facebook.com\/mentiradeartista\/\" target=\"_blank\">CURTA NO FACEBOOK!<\/a><\/h1>\n\n\n\n<p><\/p>\n","protected":false},"excerpt":{"rendered":"<p>O LIVRO Este livro \u00e9 distribu\u00eddo gratuitamente gra\u00e7as ao Pr\u00eamio do Programa de A\u00e7\u00e3o Cultural (PROAC) da Secretaria Estadual da Cultura de S\u00e3o Paulo em 2015. Mentira de Artista: arte (e tecnologia) que nos engana para repensarmos o mundo&nbsp;de Fabio Oliveira Nunes (Fabio FON) aborda um universo de obras de arte contempor\u00e2nea que se passam [&hellip;]<\/p>\n","protected":false},"author":1,"featured_media":0,"parent":0,"menu_order":0,"comment_status":"closed","ping_status":"closed","template":"","meta":{"_uag_custom_page_level_css":"","site-sidebar-layout":"default","site-content-layout":"default","ast-site-content-layout":"","site-content-style":"default","site-sidebar-style":"default","ast-global-header-display":"","ast-banner-title-visibility":"","ast-main-header-display":"","ast-hfb-above-header-display":"","ast-hfb-below-header-display":"","ast-hfb-mobile-header-display":"","site-post-title":"","ast-breadcrumbs-content":"","ast-featured-img":"","footer-sml-layout":"","theme-transparent-header-meta":"default","adv-header-id-meta":"","stick-header-meta":"","header-above-stick-meta":"","header-main-stick-meta":"","header-below-stick-meta":"","astra-migrate-meta-layouts":"default","ast-page-background-enabled":"default","ast-page-background-meta":{"desktop":{"background-color":"","background-image":"","background-repeat":"repeat","background-position":"center center","background-size":"auto","background-attachment":"scroll","background-type":"","background-media":"","overlay-type":"","overlay-color":"","overlay-opacity":"","overlay-gradient":""},"tablet":{"background-color":"","background-image":"","background-repeat":"repeat","background-position":"center center","background-size":"auto","background-attachment":"scroll","background-type":"","background-media":"","overlay-type":"","overlay-color":"","overlay-opacity":"","overlay-gradient":""},"mobile":{"background-color":"","background-image":"","background-repeat":"repeat","background-position":"center center","background-size":"auto","background-attachment":"scroll","background-type":"","background-media":"","overlay-type":"","overlay-color":"","overlay-opacity":"","overlay-gradient":""}},"ast-content-background-meta":{"desktop":{"background-color":"var(--ast-global-color-5)","background-image":"","background-repeat":"repeat","background-position":"center center","background-size":"auto","background-attachment":"scroll","background-type":"","background-media":"","overlay-type":"","overlay-color":"","overlay-opacity":"","overlay-gradient":""},"tablet":{"background-color":"var(--ast-global-color-5)","background-image":"","background-repeat":"repeat","background-position":"center center","background-size":"auto","background-attachment":"scroll","background-type":"","background-media":"","overlay-type":"","overlay-color":"","overlay-opacity":"","overlay-gradient":""},"mobile":{"background-color":"var(--ast-global-color-5)","background-image":"","background-repeat":"repeat","background-position":"center center","background-size":"auto","background-attachment":"scroll","background-type":"","background-media":"","overlay-type":"","overlay-color":"","overlay-opacity":"","overlay-gradient":""}},"footnotes":""},"class_list":["post-66","page","type-page","status-publish","hentry"],"uagb_featured_image_src":{"full":false,"thumbnail":false,"medium":false,"medium_large":false,"large":false,"1536x1536":false,"2048x2048":false},"uagb_author_info":{"display_name":"mentiradeartista","author_link":"https:\/\/fabiofon.com\/mentiradeartista\/author\/mentiradeartista\/"},"uagb_comment_info":0,"uagb_excerpt":"O LIVRO Este livro \u00e9 distribu\u00eddo gratuitamente gra\u00e7as ao Pr\u00eamio do Programa de A\u00e7\u00e3o Cultural (PROAC) da Secretaria Estadual da Cultura de S\u00e3o Paulo em 2015. Mentira de Artista: arte (e tecnologia) que nos engana para repensarmos o mundo&nbsp;de Fabio Oliveira Nunes (Fabio FON) aborda um universo de obras de arte contempor\u00e2nea que se passam&hellip;","_links":{"self":[{"href":"https:\/\/fabiofon.com\/mentiradeartista\/wp-json\/wp\/v2\/pages\/66","targetHints":{"allow":["GET"]}}],"collection":[{"href":"https:\/\/fabiofon.com\/mentiradeartista\/wp-json\/wp\/v2\/pages"}],"about":[{"href":"https:\/\/fabiofon.com\/mentiradeartista\/wp-json\/wp\/v2\/types\/page"}],"author":[{"embeddable":true,"href":"https:\/\/fabiofon.com\/mentiradeartista\/wp-json\/wp\/v2\/users\/1"}],"replies":[{"embeddable":true,"href":"https:\/\/fabiofon.com\/mentiradeartista\/wp-json\/wp\/v2\/comments?post=66"}],"version-history":[{"count":23,"href":"https:\/\/fabiofon.com\/mentiradeartista\/wp-json\/wp\/v2\/pages\/66\/revisions"}],"predecessor-version":[{"id":156,"href":"https:\/\/fabiofon.com\/mentiradeartista\/wp-json\/wp\/v2\/pages\/66\/revisions\/156"}],"wp:attachment":[{"href":"https:\/\/fabiofon.com\/mentiradeartista\/wp-json\/wp\/v2\/media?parent=66"}],"curies":[{"name":"wp","href":"https:\/\/api.w.org\/{rel}","templated":true}]}}