{"id":275,"date":"2023-08-23T23:30:15","date_gmt":"2023-08-23T23:30:15","guid":{"rendered":"https:\/\/fabiofon.com\/netart-is-doing-well\/?page_id=275"},"modified":"2023-10-23T02:17:29","modified_gmt":"2023-10-23T02:17:29","slug":"pendulum","status":"publish","type":"page","link":"https:\/\/fabiofon.com\/netart-is-doing-well\/pendulum\/","title":{"rendered":"Pendulum"},"content":{"rendered":"\n<p class=\"marcatexto has-large-font-size\" style=\"font-style:normal;font-weight:800\"><a href=\"https:\/\/www.michaliszacharias.info\/pendulum\/pendulum.html\" target=\"_blank\" rel=\"noreferrer noopener\">https:\/\/www.michaliszacharias.info\/pendulum\/pendulum.html<\/a><\/p>\n\n\n\n<div class=\"wp-block-columns is-layout-flex wp-container-core-columns-is-layout-28f84493 wp-block-columns-is-layout-flex\">\n<div class=\"wp-block-column is-layout-flow wp-block-column-is-layout-flow\">\n<div class=\"wp-block-columns is-not-stacked-on-mobile is-layout-flex wp-container-core-columns-is-layout-28f84493 wp-block-columns-is-layout-flex\">\n<div class=\"wp-block-column is-layout-flow wp-block-column-is-layout-flow\">\n<p class=\"marcaanteriorprox has-large-font-size\" style=\"font-style:normal;font-weight:800\"><a href=\"https:\/\/fabiofon.com\/netart-is-doing-well\/pisopaulista\/\" data-type=\"page\" data-id=\"273\">\u140a<\/a><\/p>\n<\/div>\n\n\n\n<div class=\"wp-block-column is-layout-flow wp-block-column-is-layout-flow\" style=\"flex-basis:80%\">\n<p class=\"marcaanteriorprox\" style=\"font-style:italic;font-weight:200\"><a href=\"https:\/\/fabiofon.com\/netart-is-doing-well\/pisopaulista\/\" data-type=\"page\" data-id=\"273\">pisoPaulista<\/a><\/p>\n<\/div>\n<\/div>\n<\/div>\n\n\n\n<div class=\"wp-block-column is-layout-flow wp-block-column-is-layout-flow\"><\/div>\n\n\n\n<div class=\"wp-block-column is-layout-flow wp-block-column-is-layout-flow\">\n<div class=\"wp-block-columns is-not-stacked-on-mobile is-layout-flex wp-container-core-columns-is-layout-28f84493 wp-block-columns-is-layout-flex\">\n<div class=\"wp-block-column is-layout-flow wp-block-column-is-layout-flow\" style=\"flex-basis:80%\">\n<p class=\"has-text-align-right marcaanteriorprox\" style=\"font-style:italic;font-weight:200\"><a href=\"https:\/\/fabiofon.com\/netart-is-doing-well\/ttasein\/\" data-type=\"page\" data-id=\"277\">TTASEIN<\/a><\/p>\n<\/div>\n\n\n\n<div class=\"wp-block-column is-layout-flow wp-block-column-is-layout-flow\">\n<p class=\"marcaanteriorprox has-large-font-size\" style=\"font-style:normal;font-weight:800\"><a href=\"https:\/\/fabiofon.com\/netart-is-doing-well\/ttasein\/\" data-type=\"page\" data-id=\"277\">\u1405<\/a><\/p>\n<\/div>\n<\/div>\n<\/div>\n<\/div>\n\n\n\n<p>2023<\/p>\n\n\n\n<p class=\"marcatexto\">Pendulum is an older work, back from 2017, depicting an abandoned setting for a conference in the context of the 4th International. As an imaginary scenario, the work implies a sudden cancellation of the conference, where the organizers escaped the danger of persecution. A historic reference used as a parabole, generating connotations towards the unfulfillment of utopianism, the grand narratives of the 20th century, and the need to re-examine all the above in today&#8217;s terms. Initially created as a 3d model on outdated software, the work was abandoned as a dead-end sketch, especially after Ahmet \u00d6\u011f\u00fct presented a similar sculpture a few months later. In 2023, during an extended revision of older projects, an idea was to finalize the work as a web 3D instance. The file had to be converted several times in order to be opened, edited, and uploaded, which resulted in a series of glitches, artifacts, flipped polygons, and loss of its textures. Although it was possible to repeat the process and have the model corrected, the distorted version was selected as the final work, as its defects, in a way highlight the narrative&#8217;s concept. The work was finally uploaded as a virtual installation in memory of Ilya Kabakov, on the 28th of May 2023, a day after his death.<\/p>\n\n\n\n<div style=\"height:100px\" aria-hidden=\"true\" class=\"wp-block-spacer\"><\/div>\n\n\n\n<div class=\"wp-block-columns is-layout-flex wp-container-core-columns-is-layout-28f84493 wp-block-columns-is-layout-flex\">\n<div class=\"wp-block-column is-layout-flow wp-block-column-is-layout-flow\">\n<p class=\"titulobio has-x-large-font-size\">Michalis Zacharias<\/p>\n<\/div>\n\n\n\n<div class=\"wp-block-column is-layout-flow wp-block-column-is-layout-flow\">\n<p class=\"has-text-align-right marcatexto\">Greece<\/p>\n<\/div>\n<\/div>\n\n\n\n<p class=\"marcatexto\">Michalis Zacharias was born in Athens in 1976 where he lives and works. He studied Fine Arts at the Athens School of Fine Arts(1995-2001), where he also attended the postgraduate program &#8220;Digital arts&#8221;(2003-2006). An important part of his work is the use of public domain material, open-source software, and the internet, not only as a source but also as a toolbox for the above practice. He has participated in many group exhibitions in Greece, and has presented two solo shows.<\/p>\n\n\n\n<p><a href=\"https:\/\/www.michaliszacharias.info\/\" target=\"_blank\" rel=\"noreferrer noopener\">https:\/\/www.michaliszacharias.info\/<\/a><\/p>\n","protected":false},"excerpt":{"rendered":"<p>https:\/\/www.michaliszacharias.info\/pendulum\/pendulum.html \u140a pisoPaulista TTASEIN \u1405 2023 Pendulum is an older work, back from 2017, depicting an abandoned setting for a conference in the context of the 4th International. As an imaginary scenario, the work implies a sudden cancellation of the conference, where the organizers escaped the danger of persecution. A historic reference used as a [&hellip;]<\/p>\n","protected":false},"author":1,"featured_media":0,"parent":0,"menu_order":0,"comment_status":"closed","ping_status":"closed","template":"","meta":{"footnotes":""},"class_list":["post-275","page","type-page","status-publish","hentry"],"_links":{"self":[{"href":"https:\/\/fabiofon.com\/netart-is-doing-well\/wp-json\/wp\/v2\/pages\/275","targetHints":{"allow":["GET"]}}],"collection":[{"href":"https:\/\/fabiofon.com\/netart-is-doing-well\/wp-json\/wp\/v2\/pages"}],"about":[{"href":"https:\/\/fabiofon.com\/netart-is-doing-well\/wp-json\/wp\/v2\/types\/page"}],"author":[{"embeddable":true,"href":"https:\/\/fabiofon.com\/netart-is-doing-well\/wp-json\/wp\/v2\/users\/1"}],"replies":[{"embeddable":true,"href":"https:\/\/fabiofon.com\/netart-is-doing-well\/wp-json\/wp\/v2\/comments?post=275"}],"version-history":[{"count":2,"href":"https:\/\/fabiofon.com\/netart-is-doing-well\/wp-json\/wp\/v2\/pages\/275\/revisions"}],"predecessor-version":[{"id":589,"href":"https:\/\/fabiofon.com\/netart-is-doing-well\/wp-json\/wp\/v2\/pages\/275\/revisions\/589"}],"wp:attachment":[{"href":"https:\/\/fabiofon.com\/netart-is-doing-well\/wp-json\/wp\/v2\/media?parent=275"}],"curies":[{"name":"wp","href":"https:\/\/api.w.org\/{rel}","templated":true}]}}