{"id":285,"date":"2023-08-23T23:52:06","date_gmt":"2023-08-23T23:52:06","guid":{"rendered":"https:\/\/fabiofon.com\/netart-is-doing-well\/?page_id=285"},"modified":"2023-10-23T02:32:51","modified_gmt":"2023-10-23T02:32:51","slug":"quimera","status":"publish","type":"page","link":"https:\/\/fabiofon.com\/netart-is-doing-well\/quimera\/","title":{"rendered":"QUIMERA"},"content":{"rendered":"\n<p class=\"marcatexto has-large-font-size\" style=\"font-style:normal;font-weight:800\"><a href=\"https:\/\/quimera-cmm.netlify.app\" target=\"_blank\" rel=\"noreferrer noopener\">https:\/\/quimera-cmm.netlify.app<\/a><\/p>\n\n\n\n<div class=\"wp-block-columns is-layout-flex wp-container-core-columns-is-layout-28f84493 wp-block-columns-is-layout-flex\">\n<div class=\"wp-block-column is-layout-flow wp-block-column-is-layout-flow\">\n<div class=\"wp-block-columns is-not-stacked-on-mobile is-layout-flex wp-container-core-columns-is-layout-28f84493 wp-block-columns-is-layout-flex\">\n<div class=\"wp-block-column is-layout-flow wp-block-column-is-layout-flow\">\n<p class=\"marcaanteriorprox has-large-font-size\" style=\"font-style:normal;font-weight:800\"><a href=\"https:\/\/fabiofon.com\/netart-is-doing-well\/tell-me\/\" data-type=\"page\" data-id=\"281\">\u140a<\/a><\/p>\n<\/div>\n\n\n\n<div class=\"wp-block-column is-layout-flow wp-block-column-is-layout-flow\" style=\"flex-basis:80%\">\n<p class=\"marcaanteriorprox\" style=\"font-style:italic;font-weight:200\"><a href=\"https:\/\/fabiofon.com\/netart-is-doing-well\/tell-me\/\" data-type=\"page\" data-id=\"281\">Tell me<\/a><\/p>\n<\/div>\n<\/div>\n<\/div>\n\n\n\n<div class=\"wp-block-column is-layout-flow wp-block-column-is-layout-flow\"><\/div>\n\n\n\n<div class=\"wp-block-column is-layout-flow wp-block-column-is-layout-flow\">\n<div class=\"wp-block-columns is-not-stacked-on-mobile is-layout-flex wp-container-core-columns-is-layout-28f84493 wp-block-columns-is-layout-flex\">\n<div class=\"wp-block-column is-layout-flow wp-block-column-is-layout-flow\" style=\"flex-basis:80%\">\n<p class=\"has-text-align-right marcaanteriorprox\" style=\"font-style:italic;font-weight:200\"><a href=\"https:\/\/fabiofon.com\/netart-is-doing-well\/circumlocution-machine\/\" data-type=\"page\" data-id=\"287\">Circumlocution Machine<\/a><\/p>\n<\/div>\n\n\n\n<div class=\"wp-block-column is-layout-flow wp-block-column-is-layout-flow\">\n<p class=\"marcaanteriorprox has-large-font-size\" style=\"font-style:normal;font-weight:800\"><a href=\"https:\/\/fabiofon.com\/netart-is-doing-well\/circumlocution-machine\/\" data-type=\"page\" data-id=\"287\">\u1405<\/a><\/p>\n<\/div>\n<\/div>\n<\/div>\n<\/div>\n\n\n\n<p>2021<\/p>\n\n\n\n<p class=\"marcatexto\">When we think about the digital, is it still valid to oppose it as an image contrary to the physical and natural world? As much as one day this opposition has existed, the boundaries between what we experience as the real and the virtual are increasingly blurred. The pandemic period accelerated a process that had long been heralded by the science fiction imaginary. CHIMERA, as a work of Net Art, seeks to invoke the dreamcore and the digital, the dream and the pixel, the unconscious and the algorithmic logic not as extremes, but as parts of a chimerical monster that increasingly devours and creates our reality(s).<\/p>\n\n\n\n<div style=\"height:100px\" aria-hidden=\"true\" class=\"wp-block-spacer\"><\/div>\n\n\n\n<div class=\"wp-block-columns is-layout-flex wp-container-core-columns-is-layout-28f84493 wp-block-columns-is-layout-flex\">\n<div class=\"wp-block-column is-layout-flow wp-block-column-is-layout-flow\">\n<p class=\"titulobio has-x-large-font-size\">Leonardo Souza<\/p>\n<\/div>\n\n\n\n<div class=\"wp-block-column is-layout-flow wp-block-column-is-layout-flow\">\n<p class=\"has-text-align-right marcatexto\">Brazil<\/p>\n<\/div>\n<\/div>\n\n\n\n<p class=\"marcatexto\">I was born in the city of Assis,&nbsp;S\u00e3o Paulo, 23 years ago. I currently live in Maring\u00e1, Paran\u00e1, where I graduated in Communication and Multimedia at the State University of Maring\u00e1. It was during my graduation that I could start looking at the internet and thinking that I could make art from it.<\/p>\n\n\n\n<div style=\"height:100px\" aria-hidden=\"true\" class=\"wp-block-spacer\"><\/div>\n","protected":false},"excerpt":{"rendered":"<p>https:\/\/quimera-cmm.netlify.app \u140a Tell me Circumlocution Machine \u1405 2021 When we think about the digital, is it still valid to oppose it as an image contrary to the physical and natural world? As much as one day this opposition has existed, the boundaries between what we experience as the real and the virtual are increasingly blurred. [&hellip;]<\/p>\n","protected":false},"author":1,"featured_media":0,"parent":0,"menu_order":0,"comment_status":"closed","ping_status":"closed","template":"","meta":{"footnotes":""},"class_list":["post-285","page","type-page","status-publish","hentry"],"_links":{"self":[{"href":"https:\/\/fabiofon.com\/netart-is-doing-well\/wp-json\/wp\/v2\/pages\/285","targetHints":{"allow":["GET"]}}],"collection":[{"href":"https:\/\/fabiofon.com\/netart-is-doing-well\/wp-json\/wp\/v2\/pages"}],"about":[{"href":"https:\/\/fabiofon.com\/netart-is-doing-well\/wp-json\/wp\/v2\/types\/page"}],"author":[{"embeddable":true,"href":"https:\/\/fabiofon.com\/netart-is-doing-well\/wp-json\/wp\/v2\/users\/1"}],"replies":[{"embeddable":true,"href":"https:\/\/fabiofon.com\/netart-is-doing-well\/wp-json\/wp\/v2\/comments?post=285"}],"version-history":[{"count":3,"href":"https:\/\/fabiofon.com\/netart-is-doing-well\/wp-json\/wp\/v2\/pages\/285\/revisions"}],"predecessor-version":[{"id":594,"href":"https:\/\/fabiofon.com\/netart-is-doing-well\/wp-json\/wp\/v2\/pages\/285\/revisions\/594"}],"wp:attachment":[{"href":"https:\/\/fabiofon.com\/netart-is-doing-well\/wp-json\/wp\/v2\/media?parent=285"}],"curies":[{"name":"wp","href":"https:\/\/api.w.org\/{rel}","templated":true}]}}