{"id":296,"date":"2023-08-24T00:09:42","date_gmt":"2023-08-24T00:09:42","guid":{"rendered":"https:\/\/fabiofon.com\/netart-is-doing-well\/?page_id=296"},"modified":"2023-10-24T19:14:42","modified_gmt":"2023-10-24T19:14:42","slug":"confessionario-de-mater-licentia","status":"publish","type":"page","link":"https:\/\/fabiofon.com\/netart-is-doing-well\/confessionario-de-mater-licentia\/","title":{"rendered":"Confession\u00e1rio de Mater Licentia"},"content":{"rendered":"\n<p class=\"marcatexto has-large-font-size\" style=\"font-style:normal;font-weight:800\"><a href=\"https:\/\/maria-sucar.github.io\/mater-licentia\/\" target=\"_blank\" rel=\"noreferrer noopener\">https:\/\/maria-sucar.github.io\/mater-licentia\/<\/a><\/p>\n\n\n\n<div class=\"wp-block-columns is-layout-flex wp-container-core-columns-is-layout-28f84493 wp-block-columns-is-layout-flex\">\n<div class=\"wp-block-column is-layout-flow wp-block-column-is-layout-flow\">\n<div class=\"wp-block-columns is-not-stacked-on-mobile is-layout-flex wp-container-core-columns-is-layout-28f84493 wp-block-columns-is-layout-flex\">\n<div class=\"wp-block-column is-layout-flow wp-block-column-is-layout-flow\">\n<p class=\"marcaanteriorprox has-large-font-size\" style=\"font-style:normal;font-weight:800\"><a href=\"https:\/\/fabiofon.com\/netart-is-doing-well\/do-you-feel-lonely-like-i-do\/\" data-type=\"page\" data-id=\"294\">\u140a<\/a><\/p>\n<\/div>\n\n\n\n<div class=\"wp-block-column is-layout-flow wp-block-column-is-layout-flow\" style=\"flex-basis:80%\">\n<p class=\"marcaanteriorprox\" style=\"font-style:italic;font-weight:200\"><a href=\"https:\/\/fabiofon.com\/netart-is-doing-well\/do-you-feel-lonely-like-i-do\/\" data-type=\"page\" data-id=\"294\">Do You Feel Lonely Like I Do? (Loneliness is my companion)<\/a><\/p>\n<\/div>\n<\/div>\n<\/div>\n\n\n\n<div class=\"wp-block-column is-layout-flow wp-block-column-is-layout-flow\"><\/div>\n\n\n\n<div class=\"wp-block-column is-layout-flow wp-block-column-is-layout-flow\">\n<div class=\"wp-block-columns is-not-stacked-on-mobile is-layout-flex wp-container-core-columns-is-layout-28f84493 wp-block-columns-is-layout-flex\">\n<div class=\"wp-block-column is-layout-flow wp-block-column-is-layout-flow\" style=\"flex-basis:80%\">\n<p class=\"has-text-align-right marcaanteriorprox\" style=\"font-style:italic;font-weight:200\"><a href=\"https:\/\/fabiofon.com\/netart-is-doing-well\/watched-over-by-machines\/\" data-type=\"page\" data-id=\"298\">Watched Over by Machines of Loving Grace<\/a><\/p>\n<\/div>\n\n\n\n<div class=\"wp-block-column is-layout-flow wp-block-column-is-layout-flow\">\n<p class=\"marcaanteriorprox has-large-font-size\" style=\"font-style:normal;font-weight:800\"><a href=\"https:\/\/fabiofon.com\/netart-is-doing-well\/watched-over-by-machines\/\" data-type=\"page\" data-id=\"298\">\u1405<\/a><\/p>\n<\/div>\n<\/div>\n<\/div>\n<\/div>\n\n\n\n<p>2023<\/p>\n\n\n\n<p class=\"marcatexto\">The Confessional of Mater Licentia is a website that aims to serve as a confessional for people who have suffered sexual abuse. The work is part of a series that refers to Mater Licentia, a saint created by me with the intention of protecting people who are victims of sexual violence and preventing it from occurring. As part of the affirmation of its existence, I try to construct its symbologies from the appropriation of the functioning logic of the Catholic Church, being the confessional one of the artifices. I think of the confessional as a safe space for verbalizing and understanding the violence suffered, understanding that admitting it, however basic it may be, is often a painful process that involves a lot of denial. Combined with this, I add the layer of the confessional thinking that a large part of the difficulty of verbalization comes from the guilt felt by the victim which is, in turn, potentiated by a Christian guilt that recognizes the victim as an accomplice in his own violence. In \u201cDid the Greeks Believe Their Myths?\u201d Paul Veyne talks about belief as a search for truth, this being part of the perspectives of imagination, in which the author argues that it is not a factor that expands reality, but limits it. Man, then, builds the truth in the same way that he builds history. Based on this idea, I create a truth that delimits other possibilities of reality, working with these same truths that create our present history.<\/p>\n\n\n\n<div style=\"height:100px\" aria-hidden=\"true\" class=\"wp-block-spacer\"><\/div>\n\n\n\n<div class=\"wp-block-columns is-layout-flex wp-container-core-columns-is-layout-28f84493 wp-block-columns-is-layout-flex\">\n<div class=\"wp-block-column is-layout-flow wp-block-column-is-layout-flow\">\n<p class=\"titulobio has-x-large-font-size\">Maria Sucar<\/p>\n<\/div>\n\n\n\n<div class=\"wp-block-column is-layout-flow wp-block-column-is-layout-flow\">\n<p class=\"has-text-align-right marcatexto\">Brazil<\/p>\n<\/div>\n<\/div>\n\n\n\n<p class=\"marcatexto\">Degree in visual arts from the Federal University of Rio Grande do Norte (2021.2-currently) and mediator at Galeria SESC RN (2022-2023). Has participated in exhibitions such as Corpo Vazio (2019), Alfinetasso (2020), Imagem Sens\u00edvel de Mem\u00f3rias poss\u00edveis (2021), EXP2: Estilha\u00e7o (2022), Zeitgeist 3.0 (2022) and 6 Sal\u00e3o de Artes Visuais de Caic\u00f3 (2023).<\/p>\n\n\n\n<p><a href=\"https:\/\/linktr.ee\/mariasucar\" target=\"_blank\" rel=\"noreferrer noopener\">https:\/\/linktr.ee\/mariasucar<\/a><\/p>\n","protected":false},"excerpt":{"rendered":"<p>https:\/\/maria-sucar.github.io\/mater-licentia\/ \u140a Do You Feel Lonely Like I Do? (Loneliness is my companion) Watched Over by Machines of Loving Grace \u1405 2023 The Confessional of Mater Licentia is a website that aims to serve as a confessional for people who have suffered sexual abuse. The work is part of a series that refers to Mater [&hellip;]<\/p>\n","protected":false},"author":1,"featured_media":0,"parent":0,"menu_order":0,"comment_status":"closed","ping_status":"closed","template":"","meta":{"footnotes":""},"class_list":["post-296","page","type-page","status-publish","hentry"],"_links":{"self":[{"href":"https:\/\/fabiofon.com\/netart-is-doing-well\/wp-json\/wp\/v2\/pages\/296","targetHints":{"allow":["GET"]}}],"collection":[{"href":"https:\/\/fabiofon.com\/netart-is-doing-well\/wp-json\/wp\/v2\/pages"}],"about":[{"href":"https:\/\/fabiofon.com\/netart-is-doing-well\/wp-json\/wp\/v2\/types\/page"}],"author":[{"embeddable":true,"href":"https:\/\/fabiofon.com\/netart-is-doing-well\/wp-json\/wp\/v2\/users\/1"}],"replies":[{"embeddable":true,"href":"https:\/\/fabiofon.com\/netart-is-doing-well\/wp-json\/wp\/v2\/comments?post=296"}],"version-history":[{"count":2,"href":"https:\/\/fabiofon.com\/netart-is-doing-well\/wp-json\/wp\/v2\/pages\/296\/revisions"}],"predecessor-version":[{"id":601,"href":"https:\/\/fabiofon.com\/netart-is-doing-well\/wp-json\/wp\/v2\/pages\/296\/revisions\/601"}],"wp:attachment":[{"href":"https:\/\/fabiofon.com\/netart-is-doing-well\/wp-json\/wp\/v2\/media?parent=296"}],"curies":[{"name":"wp","href":"https:\/\/api.w.org\/{rel}","templated":true}]}}