{"id":302,"date":"2023-08-24T00:29:05","date_gmt":"2023-08-24T00:29:05","guid":{"rendered":"https:\/\/fabiofon.com\/netart-is-doing-well\/?page_id=302"},"modified":"2023-10-24T19:27:43","modified_gmt":"2023-10-24T19:27:43","slug":"plant-based-vision","status":"publish","type":"page","link":"https:\/\/fabiofon.com\/netart-is-doing-well\/plant-based-vision\/","title":{"rendered":"plant-based vision"},"content":{"rendered":"\n<p class=\"marcatexto has-large-font-size\" style=\"font-style:normal;font-weight:800\"><a href=\"https:\/\/project-blanche.com\/portfolio\/plant-based-vision\" target=\"_blank\" rel=\"noreferrer noopener\">https:\/\/project-blanche.com\/portfolio\/plant-based-vision<\/a><\/p>\n\n\n\n<div class=\"wp-block-columns is-layout-flex wp-container-core-columns-is-layout-28f84493 wp-block-columns-is-layout-flex\">\n<div class=\"wp-block-column is-layout-flow wp-block-column-is-layout-flow\">\n<div class=\"wp-block-columns is-not-stacked-on-mobile is-layout-flex wp-container-core-columns-is-layout-28f84493 wp-block-columns-is-layout-flex\">\n<div class=\"wp-block-column is-layout-flow wp-block-column-is-layout-flow\">\n<p class=\"marcaanteriorprox has-large-font-size\" style=\"font-style:normal;font-weight:800\"><a href=\"https:\/\/fabiofon.com\/netart-is-doing-well\/temper_subjkt41\/\" data-type=\"page\" data-id=\"300\">\u140a<\/a><\/p>\n<\/div>\n\n\n\n<div class=\"wp-block-column is-layout-flow wp-block-column-is-layout-flow\" style=\"flex-basis:80%\">\n<p class=\"marcaanteriorprox\" style=\"font-style:italic;font-weight:200\"><a href=\"https:\/\/fabiofon.com\/netart-is-doing-well\/temper_subjkt41\/\" data-type=\"page\" data-id=\"300\">TEMPER_SUBJKT41<\/a><\/p>\n<\/div>\n<\/div>\n<\/div>\n\n\n\n<div class=\"wp-block-column is-layout-flow wp-block-column-is-layout-flow\"><\/div>\n\n\n\n<div class=\"wp-block-column is-layout-flow wp-block-column-is-layout-flow\">\n<div class=\"wp-block-columns is-not-stacked-on-mobile is-layout-flex wp-container-core-columns-is-layout-28f84493 wp-block-columns-is-layout-flex\">\n<div class=\"wp-block-column is-layout-flow wp-block-column-is-layout-flow\" style=\"flex-basis:80%\">\n<p class=\"has-text-align-right marcaanteriorprox\" style=\"font-style:italic;font-weight:200\"><a href=\"https:\/\/fabiofon.com\/netart-is-doing-well\/doll-house\/\" data-type=\"page\" data-id=\"304\">Doll House<\/a><\/p>\n<\/div>\n\n\n\n<div class=\"wp-block-column is-layout-flow wp-block-column-is-layout-flow\">\n<p class=\"marcaanteriorprox has-large-font-size\" style=\"font-style:normal;font-weight:800\"><a href=\"https:\/\/fabiofon.com\/netart-is-doing-well\/doll-house\/\" data-type=\"page\" data-id=\"304\">\u1405<\/a><\/p>\n<\/div>\n<\/div>\n<\/div>\n<\/div>\n\n\n\n<p>2023<\/p>\n\n\n\n<p class=\"marcatexto\">\u201cPlant-based vision is a series of virtual events, in which the performers will be plants. Our aim is to let the plants speak for themselves, allowing the human to take part in it only to the most necessary extent. At the same time, we also attempt to trace and recognize \u2013 as a sort of nature art \u2013 the proximity and similarity of the vegetative and the conscious, the vegetal and the human.<\/p>\n\n\n\n<div style=\"height:100px\" aria-hidden=\"true\" class=\"wp-block-spacer\"><\/div>\n\n\n\n<div class=\"wp-block-columns is-layout-flex wp-container-core-columns-is-layout-28f84493 wp-block-columns-is-layout-flex\">\n<div class=\"wp-block-column is-layout-flow wp-block-column-is-layout-flow\">\n<p class=\"titulobio has-x-large-font-size\">Blanche the vidiot<\/p>\n<\/div>\n\n\n\n<div class=\"wp-block-column is-layout-flow wp-block-column-is-layout-flow\">\n<p class=\"has-text-align-right marcatexto\">Hungary<\/p>\n<\/div>\n<\/div>\n\n\n\n<p class=\"marcatexto\">Szabina P\u00e9ter. Born in 1987, \u00d3zd, Hungary; audiovisual artist, photographer, aesthete. Recently she is mostly active in the fields of multimedia-, installation-, photo- and video art and electronic music. Krist\u00f3f Bodn\u00e1r Born in 1984, Ny\u00edregyh\u00e1za, Hungary; audiovisual artist, sound engineer, philosopher. Currently his chiefly working in the fields of video art and electronic music \u2013 mostly by means of analogue and digital sound synthesis.<\/p>\n\n\n\n<p><a href=\"https:\/\/project-blanche.com\" target=\"_blank\" rel=\"noreferrer noopener\">https:\/\/project-blanche.com<\/a><\/p>\n","protected":false},"excerpt":{"rendered":"<p>https:\/\/project-blanche.com\/portfolio\/plant-based-vision \u140a TEMPER_SUBJKT41 Doll House \u1405 2023 \u201cPlant-based vision is a series of virtual events, in which the performers will be plants. Our aim is to let the plants speak for themselves, allowing the human to take part in it only to the most necessary extent. At the same time, we also attempt to trace [&hellip;]<\/p>\n","protected":false},"author":1,"featured_media":0,"parent":0,"menu_order":0,"comment_status":"closed","ping_status":"closed","template":"","meta":{"footnotes":""},"class_list":["post-302","page","type-page","status-publish","hentry"],"_links":{"self":[{"href":"https:\/\/fabiofon.com\/netart-is-doing-well\/wp-json\/wp\/v2\/pages\/302","targetHints":{"allow":["GET"]}}],"collection":[{"href":"https:\/\/fabiofon.com\/netart-is-doing-well\/wp-json\/wp\/v2\/pages"}],"about":[{"href":"https:\/\/fabiofon.com\/netart-is-doing-well\/wp-json\/wp\/v2\/types\/page"}],"author":[{"embeddable":true,"href":"https:\/\/fabiofon.com\/netart-is-doing-well\/wp-json\/wp\/v2\/users\/1"}],"replies":[{"embeddable":true,"href":"https:\/\/fabiofon.com\/netart-is-doing-well\/wp-json\/wp\/v2\/comments?post=302"}],"version-history":[{"count":2,"href":"https:\/\/fabiofon.com\/netart-is-doing-well\/wp-json\/wp\/v2\/pages\/302\/revisions"}],"predecessor-version":[{"id":605,"href":"https:\/\/fabiofon.com\/netart-is-doing-well\/wp-json\/wp\/v2\/pages\/302\/revisions\/605"}],"wp:attachment":[{"href":"https:\/\/fabiofon.com\/netart-is-doing-well\/wp-json\/wp\/v2\/media?parent=302"}],"curies":[{"name":"wp","href":"https:\/\/api.w.org\/{rel}","templated":true}]}}