{"id":322,"date":"2023-08-25T15:04:50","date_gmt":"2023-08-25T15:04:50","guid":{"rendered":"https:\/\/fabiofon.com\/netart-is-doing-well\/?page_id=322"},"modified":"2023-10-24T20:02:01","modified_gmt":"2023-10-24T20:02:01","slug":"wanted-helene-alberti","status":"publish","type":"page","link":"https:\/\/fabiofon.com\/netart-is-doing-well\/wanted-helene-alberti\/","title":{"rendered":"Wanted Helene Alberti"},"content":{"rendered":"\n<p class=\"marcatexto has-large-font-size\" style=\"font-style:normal;font-weight:800\"><a href=\"http:\/\/www.procurasehelenealberti.com\" target=\"_blank\" rel=\"noreferrer noopener\">http:\/\/www.procurasehelenealberti.com<\/a><\/p>\n\n\n\n<div class=\"wp-block-columns is-layout-flex wp-container-core-columns-is-layout-28f84493 wp-block-columns-is-layout-flex\">\n<div class=\"wp-block-column is-layout-flow wp-block-column-is-layout-flow\">\n<div class=\"wp-block-columns is-not-stacked-on-mobile is-layout-flex wp-container-core-columns-is-layout-28f84493 wp-block-columns-is-layout-flex\">\n<div class=\"wp-block-column is-layout-flow wp-block-column-is-layout-flow\">\n<p class=\"marcaanteriorprox has-large-font-size\" style=\"font-style:normal;font-weight:800\"><a href=\"https:\/\/fabiofon.com\/netart-is-doing-well\/this-person-exists\/\" data-type=\"page\" data-id=\"320\">\u140a<\/a><\/p>\n<\/div>\n\n\n\n<div class=\"wp-block-column is-layout-flow wp-block-column-is-layout-flow\" style=\"flex-basis:80%\">\n<p class=\"marcaanteriorprox\" style=\"font-style:italic;font-weight:200\"><a href=\"https:\/\/fabiofon.com\/netart-is-doing-well\/this-person-exists\/\" data-type=\"page\" data-id=\"320\">This person exists<\/a><\/p>\n<\/div>\n<\/div>\n<\/div>\n\n\n\n<div class=\"wp-block-column is-layout-flow wp-block-column-is-layout-flow\"><\/div>\n\n\n\n<div class=\"wp-block-column is-layout-flow wp-block-column-is-layout-flow\">\n<div class=\"wp-block-columns is-not-stacked-on-mobile is-layout-flex wp-container-core-columns-is-layout-28f84493 wp-block-columns-is-layout-flex\">\n<div class=\"wp-block-column is-layout-flow wp-block-column-is-layout-flow\" style=\"flex-basis:80%\">\n<p class=\"has-text-align-right marcaanteriorprox\" style=\"font-style:italic;font-weight:200\"><a href=\"https:\/\/fabiofon.com\/netart-is-doing-well\/channel-01\/\" data-type=\"page\" data-id=\"324\">Channel 01<\/a><\/p>\n<\/div>\n\n\n\n<div class=\"wp-block-column is-layout-flow wp-block-column-is-layout-flow\">\n<p class=\"marcaanteriorprox has-large-font-size\" style=\"font-style:normal;font-weight:800\"><a href=\"https:\/\/fabiofon.com\/netart-is-doing-well\/channel-01\/\" data-type=\"page\" data-id=\"324\">\u1405<\/a><\/p>\n<\/div>\n<\/div>\n<\/div>\n<\/div>\n\n\n\n<p>2022<\/p>\n\n\n\n<p class=\"marcatexto\">Where does this memory of freedom come from? In what void has the human utopia of ascending to the skies revealed itself? Between Icarus and Elon Musk, Santos Dumont as a child announced: &#8220;Man flies!&#8221;. And so also believed Helene Alberti, an American opera singer, who in 1931 dressed her wings and set out on a flight demonstration, inspired by the Greek cosmic laws of motion. Faced with a suprareal proposition, \u201cSearching for Helene Alberti\u201d offers a search that goes beyond historical facts and spills over into fiction, along with Artificial Intelligence tools. In the gallery \u201cMem\u00f3rias Artificiais\u201d (Artificial Memories), for example, it is possible to see the memories of a pataphysical encounter between Helene and Alberto Santos Dumont, the \u201cfather of aviation\u201d, performing images from the collection. The site also has a form used for sending information and it is displayed on the Internet without mentioning authorship, also generates an incognito factor about its nature.\u201cSearching for Helene Alberti\u201d is an open research, a point of convergence of information and aesthetic production based on data, available for the multiplication of possibilities. A theory-practice about reflections on new utopias in the field of art.<\/p>\n\n\n\n<div style=\"height:100px\" aria-hidden=\"true\" class=\"wp-block-spacer\"><\/div>\n\n\n\n<div class=\"wp-block-columns is-layout-flex wp-container-core-columns-is-layout-28f84493 wp-block-columns-is-layout-flex\">\n<div class=\"wp-block-column is-layout-flow wp-block-column-is-layout-flow\">\n<p class=\"titulobio has-x-large-font-size\">Larissa Campello<\/p>\n<\/div>\n\n\n\n<div class=\"wp-block-column is-layout-flow wp-block-column-is-layout-flow\">\n<p class=\"has-text-align-right marcatexto\">Brazil<\/p>\n<\/div>\n<\/div>\n\n\n\n<p class=\"marcatexto\">Larissa Campello is an Artist and develops research on the relationship between art, science and technology. Collaborates with the research group &#8220;Labfront &#8211; Laborat\u00f3rio de Po\u00e9ticas Fronteiri\u00e7as&#8221; (Labfront &#8211; Laboratory of Frontier Poetics) at the State University of Minas Gerais. She has experience in the audiovisual sector and also works in the area of\u200b\u200b museological communication.<\/p>\n\n\n\n<div style=\"height:84px\" aria-hidden=\"true\" class=\"wp-block-spacer\"><\/div>\n","protected":false},"excerpt":{"rendered":"<p>http:\/\/www.procurasehelenealberti.com \u140a This person exists Channel 01 \u1405 2022 Where does this memory of freedom come from? In what void has the human utopia of ascending to the skies revealed itself? Between Icarus and Elon Musk, Santos Dumont as a child announced: &#8220;Man flies!&#8221;. And so also believed Helene Alberti, an American opera singer, who [&hellip;]<\/p>\n","protected":false},"author":1,"featured_media":0,"parent":0,"menu_order":0,"comment_status":"closed","ping_status":"closed","template":"","meta":{"footnotes":""},"class_list":["post-322","page","type-page","status-publish","hentry"],"_links":{"self":[{"href":"https:\/\/fabiofon.com\/netart-is-doing-well\/wp-json\/wp\/v2\/pages\/322","targetHints":{"allow":["GET"]}}],"collection":[{"href":"https:\/\/fabiofon.com\/netart-is-doing-well\/wp-json\/wp\/v2\/pages"}],"about":[{"href":"https:\/\/fabiofon.com\/netart-is-doing-well\/wp-json\/wp\/v2\/types\/page"}],"author":[{"embeddable":true,"href":"https:\/\/fabiofon.com\/netart-is-doing-well\/wp-json\/wp\/v2\/users\/1"}],"replies":[{"embeddable":true,"href":"https:\/\/fabiofon.com\/netart-is-doing-well\/wp-json\/wp\/v2\/comments?post=322"}],"version-history":[{"count":2,"href":"https:\/\/fabiofon.com\/netart-is-doing-well\/wp-json\/wp\/v2\/pages\/322\/revisions"}],"predecessor-version":[{"id":614,"href":"https:\/\/fabiofon.com\/netart-is-doing-well\/wp-json\/wp\/v2\/pages\/322\/revisions\/614"}],"wp:attachment":[{"href":"https:\/\/fabiofon.com\/netart-is-doing-well\/wp-json\/wp\/v2\/media?parent=322"}],"curies":[{"name":"wp","href":"https:\/\/api.w.org\/{rel}","templated":true}]}}