{"id":344,"date":"2023-08-25T15:55:00","date_gmt":"2023-08-25T15:55:00","guid":{"rendered":"https:\/\/fabiofon.com\/netart-is-doing-well\/?page_id=344"},"modified":"2023-10-25T02:00:19","modified_gmt":"2023-10-25T02:00:19","slug":"respiros-dissonantes","status":"publish","type":"page","link":"https:\/\/fabiofon.com\/netart-is-doing-well\/respiros-dissonantes\/","title":{"rendered":"Respiros Dissonantes"},"content":{"rendered":"\n<p class=\"marcatexto has-large-font-size\" style=\"font-style:normal;font-weight:800\"><a href=\"https:\/\/entrenos.art.br\/respiros-dissonantes\/\" target=\"_blank\" rel=\"noreferrer noopener\">https:\/\/entrenos.art.br\/respiros-dissonantes\/<\/a><\/p>\n\n\n\n<div class=\"wp-block-columns is-layout-flex wp-container-core-columns-is-layout-28f84493 wp-block-columns-is-layout-flex\">\n<div class=\"wp-block-column is-layout-flow wp-block-column-is-layout-flow\">\n<div class=\"wp-block-columns is-not-stacked-on-mobile is-layout-flex wp-container-core-columns-is-layout-28f84493 wp-block-columns-is-layout-flex\">\n<div class=\"wp-block-column is-layout-flow wp-block-column-is-layout-flow\">\n<p class=\"marcaanteriorprox has-large-font-size\" style=\"font-style:normal;font-weight:800\"><a href=\"https:\/\/fabiofon.com\/netart-is-doing-well\/anonymous-animal\/\" data-type=\"page\" data-id=\"342\">\u140a<\/a><\/p>\n<\/div>\n\n\n\n<div class=\"wp-block-column is-layout-flow wp-block-column-is-layout-flow\" style=\"flex-basis:80%\">\n<p class=\"marcaanteriorprox\" style=\"font-style:italic;font-weight:200\"><a href=\"https:\/\/fabiofon.com\/netart-is-doing-well\/anonymous-animal\/\" data-type=\"page\" data-id=\"342\">Anonymous Animal<\/a><\/p>\n<\/div>\n<\/div>\n<\/div>\n\n\n\n<div class=\"wp-block-column is-layout-flow wp-block-column-is-layout-flow\"><\/div>\n\n\n\n<div class=\"wp-block-column is-layout-flow wp-block-column-is-layout-flow\">\n<div class=\"wp-block-columns is-not-stacked-on-mobile is-layout-flex wp-container-core-columns-is-layout-28f84493 wp-block-columns-is-layout-flex\">\n<div class=\"wp-block-column is-layout-flow wp-block-column-is-layout-flow\" style=\"flex-basis:80%\">\n<p class=\"has-text-align-right marcaanteriorprox\" style=\"font-style:italic;font-weight:200\"><a href=\"https:\/\/fabiofon.com\/netart-is-doing-well\/demopolosium\/\" data-type=\"page\" data-id=\"346\">Demopolosium<\/a><\/p>\n<\/div>\n\n\n\n<div class=\"wp-block-column is-layout-flow wp-block-column-is-layout-flow\">\n<p class=\"marcaanteriorprox has-large-font-size\" style=\"font-style:normal;font-weight:800\"><a href=\"https:\/\/fabiofon.com\/netart-is-doing-well\/demopolosium\/\" data-type=\"page\" data-id=\"346\">\u1405<\/a><\/p>\n<\/div>\n<\/div>\n<\/div>\n<\/div>\n\n\n\n<p>2021<\/p>\n\n\n\n<p class=\"marcatexto\">The artistic proposition &#8220;Respiros Dissonantes&#8221; was created by the Research Group on Art, Technology and Society (Entre N\u00f3s) of FAALC \/ UFMS, based on the concepts of Science, Technology and Society, whose thinking turns to the criticism of contemporary technologies, which locates its value not only in the instrumentality of the tools, but in its possibilities and potentiality of reception and perception of the subjects, contributing to the development of critical thinking and social transformations. Aiming at art as a producer of mediation\/critical reflection on reality and seeking to produce close and intense relationships between art and life, in their process of interaction, bodies representing the many people who died, appear in space according to the capture of data referring to the cases of deaths of COVID-19, available in the official information networks. In its symbolic aspects, the work presents reflections on the denial of science, the debauchery of basic care in the use of masks or social distancing, or the lack of government in favor of the people. Respiros dissonantes is a place of lament, a memorial to those many and so many who lost their lives due to the lethality of the coronavirus, and it is also a space for opening reflective debates and raising awareness about the importance of life and also a manifesto on the valorization of art and science.<\/p>\n\n\n\n<div style=\"height:100px\" aria-hidden=\"true\" class=\"wp-block-spacer\"><\/div>\n\n\n\n<div class=\"wp-block-columns is-layout-flex wp-container-core-columns-is-layout-28f84493 wp-block-columns-is-layout-flex\">\n<div class=\"wp-block-column is-layout-flow wp-block-column-is-layout-flow\">\n<p class=\"titulobio has-x-large-font-size\">Coletivo Entre N\u00f3s (Venise Melo, Denis Zubieta, Julian Vargas, J\u00e9ssica St\u00e9fani e Jo\u00e3o Lucas Gon\u00e7alves)<\/p>\n<\/div>\n\n\n\n<div class=\"wp-block-column is-layout-flow wp-block-column-is-layout-flow\">\n<p class=\"has-text-align-right marcatexto\">Brazil<\/p>\n<\/div>\n<\/div>\n\n\n\n<p class=\"marcatexto\">The Entre N\u00f3s Collective &#8211; Research Group in Art, Technology and Society (UFMS) was born in 2020. With the work &#8220;Respiros Dissonantes&#8221; (Dissonant Breaths) received funding from the Aldir Blanc Law (2021). In 2022 this work was presented in CIACT07- International Congress of Art, Science and Technology and Digital Arts Seminars, and also in the exhibition in metaverse environment in Panoramas III (UEMG).<\/p>\n\n\n\n<p><a href=\"https:\/\/entrenos.art.br\/\" target=\"_blank\" rel=\"noreferrer noopener\">https:\/\/entrenos.art.br\/<\/a><\/p>\n","protected":false},"excerpt":{"rendered":"<p>https:\/\/entrenos.art.br\/respiros-dissonantes\/ \u140a Anonymous Animal Demopolosium \u1405 2021 The artistic proposition &#8220;Respiros Dissonantes&#8221; was created by the Research Group on Art, Technology and Society (Entre N\u00f3s) of FAALC \/ UFMS, based on the concepts of Science, Technology and Society, whose thinking turns to the criticism of contemporary technologies, which locates its value not only in the [&hellip;]<\/p>\n","protected":false},"author":1,"featured_media":0,"parent":0,"menu_order":0,"comment_status":"closed","ping_status":"closed","template":"","meta":{"footnotes":""},"class_list":["post-344","page","type-page","status-publish","hentry"],"_links":{"self":[{"href":"https:\/\/fabiofon.com\/netart-is-doing-well\/wp-json\/wp\/v2\/pages\/344","targetHints":{"allow":["GET"]}}],"collection":[{"href":"https:\/\/fabiofon.com\/netart-is-doing-well\/wp-json\/wp\/v2\/pages"}],"about":[{"href":"https:\/\/fabiofon.com\/netart-is-doing-well\/wp-json\/wp\/v2\/types\/page"}],"author":[{"embeddable":true,"href":"https:\/\/fabiofon.com\/netart-is-doing-well\/wp-json\/wp\/v2\/users\/1"}],"replies":[{"embeddable":true,"href":"https:\/\/fabiofon.com\/netart-is-doing-well\/wp-json\/wp\/v2\/comments?post=344"}],"version-history":[{"count":2,"href":"https:\/\/fabiofon.com\/netart-is-doing-well\/wp-json\/wp\/v2\/pages\/344\/revisions"}],"predecessor-version":[{"id":625,"href":"https:\/\/fabiofon.com\/netart-is-doing-well\/wp-json\/wp\/v2\/pages\/344\/revisions\/625"}],"wp:attachment":[{"href":"https:\/\/fabiofon.com\/netart-is-doing-well\/wp-json\/wp\/v2\/media?parent=344"}],"curies":[{"name":"wp","href":"https:\/\/api.w.org\/{rel}","templated":true}]}}