{"id":513,"date":"2023-09-01T18:15:20","date_gmt":"2023-09-01T18:15:20","guid":{"rendered":"https:\/\/fabiofon.com\/netart-is-doing-well\/?page_id=513"},"modified":"2023-10-26T13:10:27","modified_gmt":"2023-10-26T13:10:27","slug":"captascity","status":"publish","type":"page","link":"https:\/\/fabiofon.com\/netart-is-doing-well\/captascity\/","title":{"rendered":"CAPTAS City"},"content":{"rendered":"\n<p class=\"marcatexto has-large-font-size\" style=\"font-style:normal;font-weight:800\"><a href=\"https:\/\/www.fabiofon.com\/captascity\" target=\"_blank\" rel=\"noreferrer noopener\">https:\/\/www.fabiofon.com\/captascity<\/a><\/p>\n\n\n\n<div class=\"wp-block-columns is-layout-flex wp-container-core-columns-is-layout-28f84493 wp-block-columns-is-layout-flex\">\n<div class=\"wp-block-column is-layout-flow wp-block-column-is-layout-flow\">\n<div class=\"wp-block-columns is-not-stacked-on-mobile is-layout-flex wp-container-core-columns-is-layout-28f84493 wp-block-columns-is-layout-flex\">\n<div class=\"wp-block-column is-layout-flow wp-block-column-is-layout-flow\">\n<p class=\"marcaanteriorprox has-large-font-size\" style=\"font-style:normal;font-weight:800\"><a href=\"https:\/\/fabiofon.com\/netart-is-doing-well\/apocketstuff\/\" data-type=\"page\" data-id=\"358\">\u140a<\/a><\/p>\n<\/div>\n\n\n\n<div class=\"wp-block-column is-layout-flow wp-block-column-is-layout-flow\" style=\"flex-basis:80%\">\n<p class=\"marcaanteriorprox\" style=\"font-style:italic;font-weight:200\"><a href=\"https:\/\/fabiofon.com\/netart-is-doing-well\/apocketstuff\/\" data-type=\"page\" data-id=\"358\">@apocketstuff<\/a><\/p>\n<\/div>\n<\/div>\n<\/div>\n\n\n\n<div class=\"wp-block-column is-layout-flow wp-block-column-is-layout-flow\"><\/div>\n\n\n\n<div class=\"wp-block-column is-layout-flow wp-block-column-is-layout-flow\">\n<div class=\"wp-block-columns is-not-stacked-on-mobile is-layout-flex wp-container-core-columns-is-layout-28f84493 wp-block-columns-is-layout-flex\">\n<div class=\"wp-block-column is-layout-flow wp-block-column-is-layout-flow\" style=\"flex-basis:80%\">\n<p class=\"has-text-align-right marcaanteriorprox\" style=\"font-style:italic;font-weight:200\"><a href=\"https:\/\/fabiofon.com\/netart-is-doing-well\/a-c-a-s-o\/\" data-type=\"page\" data-id=\"360\">A.C.A.S.O.: Algoritmos Cruzando Aleatoriedades e Sublimando a Ordem<\/a><\/p>\n<\/div>\n\n\n\n<div class=\"wp-block-column is-layout-flow wp-block-column-is-layout-flow\">\n<p class=\"marcaanteriorprox has-large-font-size\" style=\"font-style:normal;font-weight:800\"><a href=\"https:\/\/fabiofon.com\/netart-is-doing-well\/a-c-a-s-o\/\" data-type=\"page\" data-id=\"360\">\u1405<\/a><\/p>\n<\/div>\n<\/div>\n<\/div>\n<\/div>\n\n\n\n<p>2023<\/p>\n\n\n\n<p class=\"marcatexto\"> People dressed in yellow capes were everywhere, wandering through busy streets, chasing anonymous individuals on their cell phones. This is the artwork CAPTAS, a mobile urban intervention by Fabio FON and Soraya Braz, carried out from 2009 to 2011 in the Brazilian cities of Natal (RN), Bras\u00edlia (DF), S\u00e3o Paulo (SP), and S\u00e3o Carlos (SP). In 2023, the peculiar yellow capes resurface in CAPTAS city, a virtual environment constructed from documentation of this work. The images, predominantly captured in urban spaces, at times transcend into the virtually created landscape, featuring concrete, staircases, avenues, etc., and at other times are recombined into kaleidoscopic compositions that invite visitors to take a fresh look at the memory of this artwork.<\/p>\n\n\n\n<div style=\"height:100px\" aria-hidden=\"true\" class=\"wp-block-spacer\"><\/div>\n\n\n\n<div class=\"wp-block-columns is-layout-flex wp-container-core-columns-is-layout-28f84493 wp-block-columns-is-layout-flex\">\n<div class=\"wp-block-column is-layout-flow wp-block-column-is-layout-flow\">\n<p class=\"titulobio has-x-large-font-size\">Soraya Braz<\/p>\n<\/div>\n\n\n\n<div class=\"wp-block-column is-layout-flow wp-block-column-is-layout-flow\">\n<p class=\"has-text-align-right marcatexto\">Brazil<\/p>\n<\/div>\n<\/div>\n\n\n\n<p class=\"marcatexto\">Soraya Braz is a brazilian art-tecnology artist, curator and researcher, living and working in S\u00e3o Paulo. She is graduated in Visual Arts from University of S\u00e3o Paulo (USP) and Master of Visual Arts from S\u00e3o Paulo State University (UNESP). Her creations are visual poetry, digital art, installations and computer graphics. Took part in exhibitions such as FILE, FILE PAI, MOBILEFEST, Mostra SESC de Artes, FACTORS, Art\u00e9ria 40 anos, etc. She works in partnership with the artist Fabio FON with whom produced Roaming (2007), Grampo (2007), CAPTAS (2010), Via Invis\u00edvel (2011), Deliberator (2014), and Delet\u00e9rio (2021). She is also member of curatorial committee pavilions &#8220;Net art died but is doing well&#8221; and &#8220;VerbivocoVirtual&#8221; of The Wrong Biennale 2023\/24.<\/p>\n\n\n\n<p><a href=\"https:\/\/fabiofon.com\/bio-soraya-braz\/\" target=\"_blank\" rel=\"noreferrer noopener\">https:\/\/fabiofon.com\/bio-soraya-braz\/<\/a><\/p>\n","protected":false},"excerpt":{"rendered":"<p>https:\/\/www.fabiofon.com\/captascity \u140a @apocketstuff A.C.A.S.O.: Algoritmos Cruzando Aleatoriedades e Sublimando a Ordem \u1405 2023 People dressed in yellow capes were everywhere, wandering through busy streets, chasing anonymous individuals on their cell phones. This is the artwork CAPTAS, a mobile urban intervention by Fabio FON and Soraya Braz, carried out from 2009 to 2011 in the Brazilian [&hellip;]<\/p>\n","protected":false},"author":1,"featured_media":0,"parent":0,"menu_order":0,"comment_status":"closed","ping_status":"closed","template":"","meta":{"footnotes":""},"class_list":["post-513","page","type-page","status-publish","hentry"],"_links":{"self":[{"href":"https:\/\/fabiofon.com\/netart-is-doing-well\/wp-json\/wp\/v2\/pages\/513","targetHints":{"allow":["GET"]}}],"collection":[{"href":"https:\/\/fabiofon.com\/netart-is-doing-well\/wp-json\/wp\/v2\/pages"}],"about":[{"href":"https:\/\/fabiofon.com\/netart-is-doing-well\/wp-json\/wp\/v2\/types\/page"}],"author":[{"embeddable":true,"href":"https:\/\/fabiofon.com\/netart-is-doing-well\/wp-json\/wp\/v2\/users\/1"}],"replies":[{"embeddable":true,"href":"https:\/\/fabiofon.com\/netart-is-doing-well\/wp-json\/wp\/v2\/comments?post=513"}],"version-history":[{"count":5,"href":"https:\/\/fabiofon.com\/netart-is-doing-well\/wp-json\/wp\/v2\/pages\/513\/revisions"}],"predecessor-version":[{"id":635,"href":"https:\/\/fabiofon.com\/netart-is-doing-well\/wp-json\/wp\/v2\/pages\/513\/revisions\/635"}],"wp:attachment":[{"href":"https:\/\/fabiofon.com\/netart-is-doing-well\/wp-json\/wp\/v2\/media?parent=513"}],"curies":[{"name":"wp","href":"https:\/\/api.w.org\/{rel}","templated":true}]}}