{"id":659,"date":"2023-09-02T02:35:00","date_gmt":"2023-09-02T02:35:00","guid":{"rendered":"https:\/\/fabiofon.com\/netart-is-doing-well\/?page_id=659"},"modified":"2023-10-09T00:37:39","modified_gmt":"2023-10-09T00:37:39","slug":"curatorial-statement","status":"publish","type":"page","link":"https:\/\/fabiofon.com\/netart-is-doing-well\/curatorial-statement\/","title":{"rendered":""},"content":{"rendered":"\n<figure class=\"wp-block-image size-full\"><img loading=\"lazy\" decoding=\"async\" width=\"600\" height=\"319\" src=\"https:\/\/fabiofon.com\/netart-is-doing-well\/wp-content\/uploads\/2023\/08\/logo_600px.png\" alt=\"\" class=\"wp-image-16\" srcset=\"https:\/\/fabiofon.com\/netart-is-doing-well\/wp-content\/uploads\/2023\/08\/logo_600px.png 600w, https:\/\/fabiofon.com\/netart-is-doing-well\/wp-content\/uploads\/2023\/08\/logo_600px-300x160.png 300w\" sizes=\"auto, (max-width: 600px) 100vw, 600px\" \/><\/figure>\n\n\n\n<p style=\"font-size:0.8rem\">ENGLISH<br><\/p>\n\n\n\n<p class=\"marcatexto\" style=\"font-size:clamp(14.642px, 0.915rem + ((1vw - 3.2px) * 0.681), 22px);\">Is net art (or web art, or even internet art), following in the footsteps of its pioneers, still alive? Or, more directly, how does artistic creation thrive in opposition to algorithms controlled by big tech companies? It&#8217;s clear that as long as the Internet exists &#8211; and its end has already been announced &#8211;&nbsp; there will always be an artist who keeps alive the spirit of the early creators of art &#8220;for&#8221; and &#8220;by&#8221; the World Wide Web.This production has never ceased to exist, but up until 2020, acknowledging its existence seemed like a nostalgic daydream. After all, net art peaked two decades ago. Oh, let&#8217;s reserve the networks for digital commerce and social media, because who needs the utopia of a democratic and free network, right? But, despite our irony: during the COVID-19 pandemic, the world was forced to rediscover the web as an Art space, reviving a production that had not been so prominent until then.<\/p>\n\n\n\n<p class=\"marcatexto\" style=\"font-size:clamp(14.642px, 0.915rem + ((1vw - 3.2px) * 0.681), 22px);\">Since the pandemic, we have been observing the current dynamics of art production on the Internet: on the one hand, the resilience of historical creations that remain alive, often due to the artists&#8217; own initiatives; on the other hand, a wave of new creations that use the Internet as a medium, under seemingly transient circumstances imposed by a period of social distancing. In this context, under the thought-provoking title &#8220;Net art died but is doing well&#8221;, we launched an open call to artists from all over the world to join an online pavilion for The Wrong Bienniale 2023\/24. The call was specifically open to recent works created since 2021. As a result, we now have one of the most extensive recent exhibitions dedicated to art on the Internet, with over 50 artworks from different countries. While it&#8217;s a cross-section of an incredibly diverse production, the sheer number of pieces allows us to say that artists are still creating work specifically for the web in a meaningful way today. In other words, net art is alive and well. Long live to the web artists!<\/p>\n\n\n\n<p style=\"font-size:0.8rem\">PORTUGU\u00caS BRASILEIRO <br><\/p>\n\n\n\n<p class=\"marcatexto\" style=\"font-size:clamp(14.642px, 0.915rem + ((1vw - 3.2px) * 0.681), 22px);\">A net art (ou web arte, ou ainda, internet art), aos moldes dos pioneiros desta linguagem, ainda vive? Ou mais diretamente, como vive a cria\u00e7\u00e3o art\u00edstica na contram\u00e3o dos algoritmos controlados pelas <em>bigtechs<\/em>? \u00c9 claro que enquanto houver Internet \u2013 e seu fim anuncia-se \u2013 sempre existir\u00e1 algum artista honrando o esp\u00edrito dos primeiros criadores da produ\u00e7\u00e3o de arte \u201cpara\u201d e \u201cpela\u201d <em>World Wide Web<\/em>. Esta produ\u00e7\u00e3o nunca deixou de existir efetivamente, mas at\u00e9 2020, apontar a sua exist\u00eancia soava como um devaneio nost\u00e1lgico, afinal, a net art alcan\u00e7ou seu \u00e1pice a duas d\u00e9cadas atr\u00e1s. Ora, deixemos as redes para o com\u00e9rcio digital e as redes sociais, afinal, para que serve a utopia de uma rede democr\u00e1tica e livre, n\u00e3o \u00e9? Mas, deixando nossa ironia de lado: o mundo sob a Pandemia de COVID-19 foi for\u00e7ado a redescobrir a rede como espa\u00e7o de arte e, por extens\u00e3o, acabou revigorando uma produ\u00e7\u00e3o at\u00e9 ent\u00e3o distante dos circuitos de arte.&nbsp;<\/p>\n\n\n\n<p class=\"marcatexto\" style=\"font-size:clamp(14.642px, 0.915rem + ((1vw - 3.2px) * 0.681), 22px);\">Desde ent\u00e3o, a partir da Pandemia, temos acompanhado as din\u00e2micas presentes das produ\u00e7\u00f5es de arte para a Internet: de um lado, a resili\u00eancia de cria\u00e7\u00f5es hist\u00f3ricas que permanecem vivas, muitas vezes por iniciativa dos pr\u00f3prios artistas; de outro lado, um movimento de novas cria\u00e7\u00f5es que passam a utilizar a Internet como suporte, em circunst\u00e2ncias aparentemente transit\u00f3rias, diante das condicionantes de um per\u00edodo de distanciamento social. Diante desse contexto, lan\u00e7amos uma chamada a artistas de todo o mundo sob o t\u00edtulo-provoca\u00e7\u00e3o <em>A net art morreu mas passa bem<\/em>, a dar forma a um pavilh\u00e3o online para a The Wrong Biennale 2023\/24. A chamada foi aberta especialmente a trabalhos recentes, criados a partir de 2021. Como resultado, temos uma das maiores exibi\u00e7\u00f5es recentes dedicadas a arte para a Internet, reunindo mais de 50 trabalhos de diferentes pa\u00edses; mesmo sendo um recorte de uma produ\u00e7\u00e3o bastante ecl\u00e9tica, o volume de obras nos permite dizer que artistas continuam criando obras especialmente para a rede de forma significativa, ainda hoje; em outras palavras: a net art continua em plena vitalidade. Vida longa aos \u00edmpetos dos artistas da rede!<\/p>\n\n\n\n<div style=\"height:22px\" aria-hidden=\"true\" class=\"wp-block-spacer\"><\/div>\n\n\n\n<p class=\"marcatexto\"><strong>Fabio FON and Soraya Braz, curators.<\/strong><\/p>\n\n\n\n<figure class=\"wp-block-image aligncenter size-full\"><img loading=\"lazy\" decoding=\"async\" width=\"21\" height=\"20\" src=\"https:\/\/fabiofon.com\/netart-is-doing-well\/wp-content\/uploads\/2023\/08\/computer.png\" alt=\"\" class=\"wp-image-483\"\/><\/figure>\n\n\n\n<div style=\"height:100px\" aria-hidden=\"true\" class=\"wp-block-spacer\"><\/div>\n\n\n\n<p class=\"has-x-large-font-size\">CURATORS<\/p>\n\n\n\n<p><strong>FABIO FON (Brazil)<\/strong><\/p>\n\n\n\n<p class=\"marcatexto\">Fabio FON (F\u00e1bio Oliveira Nunes) is a Brazilian artist-researcher focused on contemporary languages, working on experimental art, visual poetics and art-technology. He holds&nbsp; Arts PhD from the School of Communications and Arts of the University of S\u00e3o Paulo, a post-doctorate in Arts from the Institute of Arts of Unesp, a Master in Multimedia (Multimedia) at UNICAMP and Bachelor of Fine Arts at UNESP. He is the author of the books \u201cCTRL+ART+DEL: dist\u00farbios em arte e tecnologia\u201d (Ed. Perspectiva, 2010) and \u201cMentira de artista: arte (e tecnologia) que nos engana para repensarmos o mundo\u201d (Cosmogonias El\u00e9tricas, 2016) . He is currently a researcher linked to Grupo cAt: science \/ ARTE \/ technology at UNESP, S\u00e3o Paulo. <a href=\"http:\/\/www.fabiofon.com\" target=\"_blank\" rel=\"noreferrer noopener\">http:\/\/www.fabiofon.com<\/a> .<\/p>\n\n\n\n<div style=\"height:86px\" aria-hidden=\"true\" class=\"wp-block-spacer\"><\/div>\n\n\n\n<p><strong>SORAYA BRAZ (Brazil)<\/strong><\/p>\n\n\n\n<p class=\"marcatexto\">Soraya Braz is a Brazilian artist and researcher, graduated in Arts from S\u00e3o Paulo University (USP) and Master of Visual Arts from S\u00e3o Paulo State University (UNESP). Her creations are visual poetry, digital art, installations and computer graphics. Took part in exhibitions such as FILE, FILE PAI, MOBILEFEST, Mostra SESC de Artes, FACTORS, Art\u00e9ria 40 anos, etc. She works in partnership with the artist Fabio FON with whom produced Roaming (2007), Grampo (2007), CAPTAS (2010), Via Invis\u00edvel (2011), Deliberator (2014), and Delet\u00e9rio (2021). <a href=\"https:\/\/fabiofon.com\/bio-soraya-braz\/\" target=\"_blank\" rel=\"noreferrer noopener\">https:\/\/fabiofon.com\/bio-soraya-braz\/<\/a><\/p>\n\n\n\n<figure class=\"wp-block-image aligncenter size-full\"><img loading=\"lazy\" decoding=\"async\" width=\"21\" height=\"20\" src=\"https:\/\/fabiofon.com\/netart-is-doing-well\/wp-content\/uploads\/2023\/08\/computer.png\" alt=\"\" class=\"wp-image-483\"\/><\/figure>\n\n\n\n<div style=\"height:100px\" aria-hidden=\"true\" class=\"wp-block-spacer\"><\/div>\n\n\n\n<p class=\"has-x-large-font-size\">ARTISTS<\/p>\n\n\n\n<div class=\"wp-block-columns is-layout-flex wp-container-core-columns-is-layout-28f84493 wp-block-columns-is-layout-flex\">\n<div class=\"wp-block-column is-layout-flow wp-block-column-is-layout-flow\">\n<p class=\"marcatexto\">100porcent_genuine (100%)<br>Adele Jarrar<br>Albena Baeva<br>Anastasia Koroleva<br>Andres Manniste<br>Andrey Koens<br>Annina R\u00fcst<br>Antoni Hidalgo Hidalgo<br>Ben Grosser<br>Blanche the vidiot<br>Chelsea Thompto<br>Coletivo Entre N\u00f3s<br>Colin Black, Zsuzsanna Szegedi-Varga and Jaka \u017deleznikar<br>Cristiane Duarte, Rolf Simos and Rosangella Leote<br>Danilo dos Santos<br>DJ Malinowski<br>Elo\u00edsa Nieto<br>Esteparia<br>Everest Pipkin<br>Flavio Siqueira<br>Gabriel Pessoto and Nicole Kouts<br>Gretchen Andrew<br>Gustavo Romano<br>Henrique Fagundes<br>henrique.exe<br>Jandir Jr.<\/p>\n<\/div>\n\n\n\n<div class=\"wp-block-column is-layout-flow wp-block-column-is-layout-flow\">\n<p class=\"marcatexto\">JaZoN Frings<br>Jim Andrews<br>John-Robin Bold<br>J\u00falia Sodr\u00e9<br>J\u00fcrgen Trautwein and Silvia Nonnenmacher<br>Karen Eliot<br>Koundinya Dhulipalla<br>Larissa Campello<br>Leonardo Souza<br>Lima Charlie Art Collective<br>Lindsey Arturo<br>Maria Sucar<br>Mercia de Assis Albuquerque<br>Michalis Zacharias<br>Niklas Wallenborg<br>Noah Travis Phillips<br>Onty<br>Pedro Ferreira<br>Polina Enuvesta<br>Rachelmauricio Castro<br>Sandrine Deumier<br>Suzete Venturelli<br>Tansy Xiao<br>Vera Sebert<br>Vin\u00edcius Ladivez<br>Yoona<\/p>\n<\/div>\n<\/div>\n\n\n\n<div style=\"height:100px\" aria-hidden=\"true\" class=\"wp-block-spacer\"><\/div>\n\n\n\n<figure class=\"wp-block-image aligncenter size-full\"><img loading=\"lazy\" decoding=\"async\" width=\"21\" height=\"20\" src=\"https:\/\/fabiofon.com\/netart-is-doing-well\/wp-content\/uploads\/2023\/08\/computer.png\" alt=\"\" class=\"wp-image-483\"\/><\/figure>\n\n\n\n<div style=\"height:100px\" aria-hidden=\"true\" class=\"wp-block-spacer\"><\/div>\n\n\n\n<p class=\"marcatexto has-medium-font-size\"><a href=\"https:\/\/docs.google.com\/document\/d\/1aFr4pnx1AUaADTFkTMtjldTA3LSHZ4AI4ioGgjAui88\/edit?usp=sharing\" data-type=\"link\" data-id=\"https:\/\/docs.google.com\/document\/d\/1aFr4pnx1AUaADTFkTMtjldTA3LSHZ4AI4ioGgjAui88\/edit?usp=sharing\" target=\"_blank\" rel=\"noreferrer noopener\">PRESS KIT: NET ART DIED BUT IS DOING WELL<\/a><\/p>\n\n\n\n<figure class=\"wp-block-image aligncenter size-full\"><img loading=\"lazy\" decoding=\"async\" width=\"21\" height=\"20\" src=\"https:\/\/fabiofon.com\/netart-is-doing-well\/wp-content\/uploads\/2023\/08\/computer.png\" alt=\"\" class=\"wp-image-483\"\/><\/figure>\n\n\n\n<div style=\"height:100px\" aria-hidden=\"true\" class=\"wp-block-spacer\"><\/div>\n\n\n\n<p><strong>ABOUT THE WRONG BIENNALE<\/strong><\/p>\n\n\n\n<p>The Wrong Biennale is an art driven, innovative and collaborative global event, online and offline, aiming to nurture digital culture, bringing together curators, artists and institutions, open to participation and awarded with SOIS Cultura 2o19 and an honorific mention at S+T+ARTS 2o2o. Celebrating digital art culture since its first edition in 2o13, more than 8ooo artists and curators from all over the world have officially participated at The Wrong Biennale. <a rel=\"noreferrer noopener\" href=\"https:\/\/www.thewrong.org\" target=\"_blank\">https:\/\/www.thewrong.org<\/a><\/p>\n\n\n\n<p><strong>ABOUT WEB ARTE NO BRASIL<\/strong><\/p>\n\n\n\n<p>Web arte no Brasil (Web Art in Brazil) is an independent initiative led by Fabio FON since 2000, which was born with the purpose of promoting and analyzing the production of Brazilian artists on the Internet. Currently, WAB is one of the few Brazilian websites specifically dedicated to internet art, providing a compilation of websites, scientific articles, and videos aimed at new audiences.More: <a href=\"https:\/\/www.fabiofon.com\/webartenobrasil\" target=\"_blank\" rel=\"noreferrer noopener\">https:\/\/www.fabiofon.com\/webartenobrasil. <\/a>(Brazilian Portuguese only).<\/p>\n","protected":false},"excerpt":{"rendered":"<p>ENGLISH Is net art (or web art, or even internet art), following in the footsteps of its pioneers, still alive? Or, more directly, how does artistic creation thrive in opposition to algorithms controlled by big tech companies? It&#8217;s clear that as long as the Internet exists &#8211; and its end has already been announced &#8211;&nbsp; [&hellip;]<\/p>\n","protected":false},"author":1,"featured_media":0,"parent":0,"menu_order":0,"comment_status":"closed","ping_status":"closed","template":"","meta":{"footnotes":""},"class_list":["post-659","page","type-page","status-publish","hentry"],"_links":{"self":[{"href":"https:\/\/fabiofon.com\/netart-is-doing-well\/wp-json\/wp\/v2\/pages\/659","targetHints":{"allow":["GET"]}}],"collection":[{"href":"https:\/\/fabiofon.com\/netart-is-doing-well\/wp-json\/wp\/v2\/pages"}],"about":[{"href":"https:\/\/fabiofon.com\/netart-is-doing-well\/wp-json\/wp\/v2\/types\/page"}],"author":[{"embeddable":true,"href":"https:\/\/fabiofon.com\/netart-is-doing-well\/wp-json\/wp\/v2\/users\/1"}],"replies":[{"embeddable":true,"href":"https:\/\/fabiofon.com\/netart-is-doing-well\/wp-json\/wp\/v2\/comments?post=659"}],"version-history":[{"count":14,"href":"https:\/\/fabiofon.com\/netart-is-doing-well\/wp-json\/wp\/v2\/pages\/659\/revisions"}],"predecessor-version":[{"id":705,"href":"https:\/\/fabiofon.com\/netart-is-doing-well\/wp-json\/wp\/v2\/pages\/659\/revisions\/705"}],"wp:attachment":[{"href":"https:\/\/fabiofon.com\/netart-is-doing-well\/wp-json\/wp\/v2\/media?parent=659"}],"curies":[{"name":"wp","href":"https:\/\/api.w.org\/{rel}","templated":true}]}}